{"id":4975,"date":"2021-06-14T17:02:23","date_gmt":"2021-06-14T16:02:23","guid":{"rendered":"https:\/\/www.luxuryyachtsspecialist.nl\/team\/"},"modified":"2022-10-04T15:28:56","modified_gmt":"2022-10-04T14:28:56","slug":"team","status":"publish","type":"page","link":"https:\/\/www.luxuryyachtsspecialist.nl\/fr\/team\/","title":{"rendered":"\u00c9quipe"},"content":{"rendered":"<div class=\"wpb-content-wrapper\"><p>[vc_row full_width=&#8221;stretch_row&#8221; parallax=&#8221;content-moving&#8221; css=&#8221;.vc_custom_1623686433106{margin-bottom: 50px !important;padding-top: 48px !important;padding-bottom: 15px !important;background-color: #181919 !important;}&#8221;][vc_column][vc_custom_heading text=&#8221;NOTRE \u00c9QUIPE EST PR\u00caTE \u00c0 VOUS ACCUEILLIR&#8221; font_container=&#8221;tag:h2|text_align:center|color:%2386684d&#8221; use_theme_fonts=&#8221;yes&#8221; css_animation=&#8221;fadeIn&#8221; css=&#8221;.vc_custom_1623427305926{margin-bottom: 20px !important;}&#8221;][vc_column_text css_animation=&#8221;fadeIn&#8221; css=&#8221;.vc_custom_1664891345204{margin-bottom: 100px !important;}&#8221;]<\/p>\n<p style=\"text-align: center;\"><span style=\"color: #ffffff;\">Le d\u00e9partement des ventes sp\u00e9cialis\u00e9es de Luxury Yachts est dirig\u00e9 par Derek Starink. Nous sommes soutenus par une jeune \u00e9quipe solide et enthousiaste d&#8217;administrateurs et de personnes pratiques, tous avec une v\u00e9ritable attitude &#8220;Can do&#8221; que vous trouverez rafra\u00eechissante et amusante !<\/span><\/p>\n<p style=\"text-align: center;\"><span style=\"color: #ffffff;\">Notre \u00e9quipe de vente (Luxury Yachts Specialist) a plus de 50 ans d&#8217;exp\u00e9rience combin\u00e9e dans la vente de bateaux \u00e0 moteur et de yachts \u00e0 moteur de luxe et peut organiser et conseiller sur tout, du d\u00e9but de votre achat jusqu&#8217;\u00e0 la mise \u00e0 l&#8217;eau et la remise du bateau.<\/span><\/p>\n<p style=\"text-align: center;\"><span style=\"color: #ffffff;\">Nous sommes fiers de notre \u00e9thique du travail et de notre approche du service \u00e0 la client\u00e8le.<\/span><\/p>\n<p style=\"text-align: center;\"><span style=\"color: #86684d;\"><strong>&#8211; Luxury Yachts Specialist &#8211;<\/strong><\/span><br \/>\n<span style=\"color: #86684d;\"><strong>When Quality Matters!<\/strong><\/span><\/p>\n<p>[\/vc_column_text][vc_row_inner][vc_column_inner width=&#8221;1\/2&#8243; offset=&#8221;vc_col-lg-3&#8243;][\/vc_column_inner][vc_column_inner width=&#8221;1\/2&#8243; offset=&#8221;vc_col-lg-3&#8243;][stm_our_team image_size=&#8221;full&#8221; image=&#8221;4873&#8243; name=&#8221;Derek Starink&#8221; position=&#8221;Directeur g\u00e9n\u00e9ral&#8221; email=&#8221;derek@luxuryyachtsspecialist.nl&#8221;][\/vc_column_inner][vc_column_inner width=&#8221;1\/2&#8243; offset=&#8221;vc_col-lg-3&#8243;][vc_column_text css_animation=&#8221;fadeIn&#8221;]<span style=\"color: #ffffff;\">Derek Starink est Directeur g\u00e9n\u00e9ral<\/span><\/p>\n<p><span style=\"color: #ffffff;\">Il s&#8217;occupe de la gestion quotidienne de l&#8217;entreprise, et est responsable des ventes, du marketing, des achats et des RH. Il est dans le secteur de la navigation de plaisance depuis de nombreuses ann\u00e9es et il aime aussi les bateaux ! Il a utilis\u00e9 des bateaux en M\u00e9diterran\u00e9e et aussi aux Pays-Bas ; il fait des voyages fantastiques. Pour de bons et honn\u00eates conseils, vous pouvez contacter directement.<\/span>[\/vc_column_text][\/vc_column_inner][vc_column_inner width=&#8221;1\/2&#8243; offset=&#8221;vc_col-lg-3&#8243;][\/vc_column_inner][\/vc_row_inner][vc_column_text css_animation=&#8221;fadeIn&#8221; css=&#8221;.vc_custom_1664891459094{margin-top: 30px !important;margin-bottom: 70px !important;}&#8221;]<\/p>\n<p style=\"text-align: center;\"><span style=\"color: #ffffff;\">Si vous avez des commentaires, bons ou mauvais, sur notre \u00e9quipe ou sur n&#8217;importe quel aspect de l&#8217;entreprise, Derek serait ravi de vous entendre <a style=\"color: #ffffff;\" href=\"mailto:info@luxuryyachtsspecialist.nl\">info@luxuryyachtsspecialist.nl<\/a>.<\/span><\/p>\n<p>[\/vc_column_text][\/vc_column][\/vc_row][vc_row full_width=&#8221;stretch_row&#8221; css=&#8221;.vc_custom_1623686496029{padding-top: 48px !important;padding-bottom: 31px !important;background-color: #86684d !important;}&#8221;][vc_column][vc_custom_heading text=&#8221;GALERIE DE M\u00c9DIAS DU LUXURY YACHTS SPECIALIST&#8221; font_container=&#8221;tag:h3|text_align:center|color:%23ffffff&#8221; use_theme_fonts=&#8221;yes&#8221;][stm_carousel image_size=&#8221;270&#215;180&#8243; images=&#8221;2469,2473,2477,2481&#8243;][\/vc_column][\/vc_row]<\/p>\n<\/div>","protected":false},"excerpt":{"rendered":"<p>[vc_row full_width=&#8221;stretch_row&#8221; parallax=&#8221;content-moving&#8221; css=&#8221;.vc_custom_1623686433106{margin-bottom: 50px !important;padding-top: 48px !important;padding-bottom: 15px !important;background-color: #181919 !important;}&#8221;][vc_column][vc_custom_heading text=&#8221;NOTRE \u00c9QUIPE EST PR\u00caTE \u00c0 VOUS ACCUEILLIR&#8221; font_container=&#8221;tag:h2|text_align:center|color:%2386684d&#8221; use_theme_fonts=&#8221;yes&#8221; css_animation=&#8221;fadeIn&#8221; css=&#8221;.vc_custom_1623427305926{margin-bottom: 20px !important;}&#8221;][vc_column_text css_animation=&#8221;fadeIn&#8221; css=&#8221;.vc_custom_1664891345204{margin-bottom: 100px !important;}&#8221;] Le d\u00e9partement des ventes sp\u00e9cialis\u00e9es de Luxury Yachts est dirig\u00e9 par Derek Starink. Nous sommes soutenus par une jeune \u00e9quipe solide et enthousiaste d&#8217;administrateurs et de&#8230;<\/p>\n","protected":false},"author":1,"featured_media":0,"parent":0,"menu_order":0,"comment_status":"closed","ping_status":"closed","template":"","meta":{"footnotes":""},"class_list":["post-4975","page","type-page","status-publish","hentry"],"yoast_head":"<!-- This site is optimized with the Yoast SEO plugin v27.5 - https:\/\/yoast.com\/product\/yoast-seo-wordpress\/ -->\n<title>\u00c9quipe - Luxury Yachts Specialist<\/title>\n<meta name=\"robots\" content=\"index, follow, max-snippet:-1, max-image-preview:large, max-video-preview:-1\" \/>\n<link rel=\"canonical\" href=\"https:\/\/www.luxuryyachtsspecialist.nl\/fr\/team\/\" \/>\n<meta property=\"og:locale\" content=\"fr_FR\" \/>\n<meta property=\"og:type\" content=\"article\" \/>\n<meta property=\"og:title\" content=\"\u00c9quipe - Luxury Yachts Specialist\" \/>\n<meta property=\"og:description\" content=\"[vc_row full_width=&#8221;stretch_row&#8221; parallax=&#8221;content-moving&#8221; css=&#8221;.vc_custom_1623686433106{margin-bottom: 50px !important;padding-top: 48px !important;padding-bottom: 15px !important;background-color: #181919 !important;}&#8221;][vc_column][vc_custom_heading text=&#8221;NOTRE \u00c9QUIPE EST PR\u00caTE \u00c0 VOUS ACCUEILLIR&#8221; font_container=&#8221;tag:h2|text_align:center|color:%2386684d&#8221; use_theme_fonts=&#8221;yes&#8221; css_animation=&#8221;fadeIn&#8221; css=&#8221;.vc_custom_1623427305926{margin-bottom: 20px !important;}&#8221;][vc_column_text css_animation=&#8221;fadeIn&#8221; css=&#8221;.vc_custom_1664891345204{margin-bottom: 100px !important;}&#8221;] Le d\u00e9partement des ventes sp\u00e9cialis\u00e9es de Luxury Yachts est dirig\u00e9 par Derek Starink. Nous sommes soutenus par une jeune \u00e9quipe solide et enthousiaste d&#8217;administrateurs et de...\" \/>\n<meta property=\"og:url\" content=\"https:\/\/www.luxuryyachtsspecialist.nl\/fr\/team\/\" \/>\n<meta property=\"og:site_name\" content=\"Luxury Yachts Specialist\" \/>\n<meta property=\"article:modified_time\" content=\"2022-10-04T14:28:56+00:00\" \/>\n<meta name=\"twitter:card\" content=\"summary_large_image\" \/>\n<meta name=\"twitter:label1\" content=\"Dur\u00e9e de lecture estim\u00e9e\" \/>\n\t<meta name=\"twitter:data1\" content=\"2 minutes\" \/>\n<script type=\"application\/ld+json\" class=\"yoast-schema-graph\">{\"@context\":\"https:\\\/\\\/schema.org\",\"@graph\":[{\"@type\":\"WebPage\",\"@id\":\"https:\\\/\\\/www.luxuryyachtsspecialist.nl\\\/fr\\\/team\\\/\",\"url\":\"https:\\\/\\\/www.luxuryyachtsspecialist.nl\\\/fr\\\/team\\\/\",\"name\":\"\u00c9quipe - Luxury Yachts Specialist\",\"isPartOf\":{\"@id\":\"https:\\\/\\\/www.luxuryyachtsspecialist.nl\\\/fr\\\/#website\"},\"datePublished\":\"2021-06-14T16:02:23+00:00\",\"dateModified\":\"2022-10-04T14:28:56+00:00\",\"breadcrumb\":{\"@id\":\"https:\\\/\\\/www.luxuryyachtsspecialist.nl\\\/fr\\\/team\\\/#breadcrumb\"},\"inLanguage\":\"fr-FR\",\"potentialAction\":[{\"@type\":\"ReadAction\",\"target\":[\"https:\\\/\\\/www.luxuryyachtsspecialist.nl\\\/fr\\\/team\\\/\"]}]},{\"@type\":\"BreadcrumbList\",\"@id\":\"https:\\\/\\\/www.luxuryyachtsspecialist.nl\\\/fr\\\/team\\\/#breadcrumb\",\"itemListElement\":[{\"@type\":\"ListItem\",\"position\":1,\"name\":\"Home\",\"item\":\"https:\\\/\\\/www.luxuryyachtsspecialist.nl\\\/fr\\\/page-daccueil\\\/\"},{\"@type\":\"ListItem\",\"position\":2,\"name\":\"\u00c9quipe\"}]},{\"@type\":\"WebSite\",\"@id\":\"https:\\\/\\\/www.luxuryyachtsspecialist.nl\\\/fr\\\/#website\",\"url\":\"https:\\\/\\\/www.luxuryyachtsspecialist.nl\\\/fr\\\/\",\"name\":\"Luxury Yachts Specialist\",\"description\":\"\",\"potentialAction\":[{\"@type\":\"SearchAction\",\"target\":{\"@type\":\"EntryPoint\",\"urlTemplate\":\"https:\\\/\\\/www.luxuryyachtsspecialist.nl\\\/fr\\\/?s={search_term_string}\"},\"query-input\":{\"@type\":\"PropertyValueSpecification\",\"valueRequired\":true,\"valueName\":\"search_term_string\"}}],\"inLanguage\":\"fr-FR\"}]}<\/script>\n<!-- \/ Yoast SEO plugin. -->","yoast_head_json":{"title":"\u00c9quipe - Luxury Yachts Specialist","robots":{"index":"index","follow":"follow","max-snippet":"max-snippet:-1","max-image-preview":"max-image-preview:large","max-video-preview":"max-video-preview:-1"},"canonical":"https:\/\/www.luxuryyachtsspecialist.nl\/fr\/team\/","og_locale":"fr_FR","og_type":"article","og_title":"\u00c9quipe - Luxury Yachts Specialist","og_description":"[vc_row full_width=&#8221;stretch_row&#8221; parallax=&#8221;content-moving&#8221; css=&#8221;.vc_custom_1623686433106{margin-bottom: 50px !important;padding-top: 48px !important;padding-bottom: 15px !important;background-color: #181919 !important;}&#8221;][vc_column][vc_custom_heading text=&#8221;NOTRE \u00c9QUIPE EST PR\u00caTE \u00c0 VOUS ACCUEILLIR&#8221; font_container=&#8221;tag:h2|text_align:center|color:%2386684d&#8221; use_theme_fonts=&#8221;yes&#8221; css_animation=&#8221;fadeIn&#8221; css=&#8221;.vc_custom_1623427305926{margin-bottom: 20px !important;}&#8221;][vc_column_text css_animation=&#8221;fadeIn&#8221; css=&#8221;.vc_custom_1664891345204{margin-bottom: 100px !important;}&#8221;] Le d\u00e9partement des ventes sp\u00e9cialis\u00e9es de Luxury Yachts est dirig\u00e9 par Derek Starink. Nous sommes soutenus par une jeune \u00e9quipe solide et enthousiaste d&#8217;administrateurs et de...","og_url":"https:\/\/www.luxuryyachtsspecialist.nl\/fr\/team\/","og_site_name":"Luxury Yachts Specialist","article_modified_time":"2022-10-04T14:28:56+00:00","twitter_card":"summary_large_image","twitter_misc":{"Dur\u00e9e de lecture estim\u00e9e":"2 minutes"},"schema":{"@context":"https:\/\/schema.org","@graph":[{"@type":"WebPage","@id":"https:\/\/www.luxuryyachtsspecialist.nl\/fr\/team\/","url":"https:\/\/www.luxuryyachtsspecialist.nl\/fr\/team\/","name":"\u00c9quipe - Luxury Yachts Specialist","isPartOf":{"@id":"https:\/\/www.luxuryyachtsspecialist.nl\/fr\/#website"},"datePublished":"2021-06-14T16:02:23+00:00","dateModified":"2022-10-04T14:28:56+00:00","breadcrumb":{"@id":"https:\/\/www.luxuryyachtsspecialist.nl\/fr\/team\/#breadcrumb"},"inLanguage":"fr-FR","potentialAction":[{"@type":"ReadAction","target":["https:\/\/www.luxuryyachtsspecialist.nl\/fr\/team\/"]}]},{"@type":"BreadcrumbList","@id":"https:\/\/www.luxuryyachtsspecialist.nl\/fr\/team\/#breadcrumb","itemListElement":[{"@type":"ListItem","position":1,"name":"Home","item":"https:\/\/www.luxuryyachtsspecialist.nl\/fr\/page-daccueil\/"},{"@type":"ListItem","position":2,"name":"\u00c9quipe"}]},{"@type":"WebSite","@id":"https:\/\/www.luxuryyachtsspecialist.nl\/fr\/#website","url":"https:\/\/www.luxuryyachtsspecialist.nl\/fr\/","name":"Luxury Yachts Specialist","description":"","potentialAction":[{"@type":"SearchAction","target":{"@type":"EntryPoint","urlTemplate":"https:\/\/www.luxuryyachtsspecialist.nl\/fr\/?s={search_term_string}"},"query-input":{"@type":"PropertyValueSpecification","valueRequired":true,"valueName":"search_term_string"}}],"inLanguage":"fr-FR"}]}},"jetpack_sharing_enabled":true,"_links":{"self":[{"href":"https:\/\/www.luxuryyachtsspecialist.nl\/fr\/wp-json\/wp\/v2\/pages\/4975","targetHints":{"allow":["GET"]}}],"collection":[{"href":"https:\/\/www.luxuryyachtsspecialist.nl\/fr\/wp-json\/wp\/v2\/pages"}],"about":[{"href":"https:\/\/www.luxuryyachtsspecialist.nl\/fr\/wp-json\/wp\/v2\/types\/page"}],"author":[{"embeddable":true,"href":"https:\/\/www.luxuryyachtsspecialist.nl\/fr\/wp-json\/wp\/v2\/users\/1"}],"replies":[{"embeddable":true,"href":"https:\/\/www.luxuryyachtsspecialist.nl\/fr\/wp-json\/wp\/v2\/comments?post=4975"}],"version-history":[{"count":0,"href":"https:\/\/www.luxuryyachtsspecialist.nl\/fr\/wp-json\/wp\/v2\/pages\/4975\/revisions"}],"wp:attachment":[{"href":"https:\/\/www.luxuryyachtsspecialist.nl\/fr\/wp-json\/wp\/v2\/media?parent=4975"}],"curies":[{"name":"wp","href":"https:\/\/api.w.org\/{rel}","templated":true}]}}