{"id":2320,"date":"2021-03-29T14:22:48","date_gmt":"2021-03-29T13:22:48","guid":{"rendered":"https:\/\/www.luxuryyachtsspecialist.nl\/a-propos-de-nous\/"},"modified":"2021-05-19T10:47:01","modified_gmt":"2021-05-19T09:47:01","slug":"a-propos-de-nous","status":"publish","type":"page","link":"https:\/\/www.luxuryyachtsspecialist.nl\/fr\/a-propos-de-nous\/","title":{"rendered":"A propos de nous"},"content":{"rendered":"<div class=\"wpb-content-wrapper\"><p>[vc_row css=&#8221;.vc_custom_1445496852478{margin-top: 40px !important;margin-bottom: 51px !important;}&#8221;][vc_column width=&#8221;1\/2&#8243; el_class=&#8221;stm-col-pad-right&#8221;][vc_single_image image=&#8221;2212&#8243; img_size=&#8221;full&#8221; stm_fancybox=&#8221;yes&#8221; css=&#8221;.vc_custom_1468840800051{margin-bottom: 35px !important;}&#8221;][\/vc_column][vc_column width=&#8221;1\/2&#8243; el_class=&#8221;stm-col-pad-left&#8221;][vc_column_text]<\/p>\n<h3 style=\"margin-bottom: 18px;\">BIENVENUE AU <span class=\"stm-base-color\">LUXURY YACHTS SERVICE<\/span><\/h3>\n<h5 style=\"margin-bottom: 22px;\">Avant de prendre de l&#8217;avance, nous voulons vous souhaiter la bienvenue chez Luxury Yachts Specialist. Bien que rien ne puisse remplacer une exp\u00e9rience sur le terrain.<\/h5>\n<p style=\"margin-bottom: 26px;\">Nous vous remercions de prendre le temps de visiter notre site Web. Notre objectif est de vous offrir une visite interactive de notre inventaire de v\u00e9hicules neufs et d&#8217;occasion, ainsi que de vous permettre d&#8217;obtenir facilement un devis, de prendre un rendez-vous au service ou de faire une demande de financement. La recherche d&#8217;un bateau de luxe suscite de grandes attentes. Sans aucun doute, cela a beaucoup \u00e0 voir avec les bateaux que vous envisagez, mais chez Luxury Yachts Specialist, nous pensons que vous devriez \u00e9galement avoir des attentes \u00e9lev\u00e9es envers votre concessionnaire.<\/p>\n<p><span style=\"color: #888888;\"><em>Derek &amp; Ruud<\/em><\/span>[\/vc_column_text][\/vc_column][\/vc_row][vc_row css=&#8221;.vc_custom_1445594570930{margin-bottom: 83px !important;}&#8221;][vc_column width=&#8221;1\/2&#8243; el_class=&#8221;stm-col-pad-right&#8221;][vc_column_text css=&#8221;.vc_custom_1445496956815{margin-bottom: 23px !important;}&#8221;]<\/p>\n<h3>VALEURS FONDAMENTALES<\/h3>\n<p>[\/vc_column_text][vc_separator css=&#8221;.vc_custom_1445496980428{margin-bottom: 19px !important;}&#8221;][vc_column_text css=&#8221;.vc_custom_1617794695185{margin-bottom: 24px !important;}&#8221;]<span style=\"color: #888888; font-size: 13px;\">Nous suivons une formation approfondie en usine afin de pouvoir vous fournir les connaissances dont vous avez besoin pour prendre une d\u00e9cision \u00e9clair\u00e9e dans le choix du bateau qui convient \u00e0 votre style de vie.<\/span>[\/vc_column_text][vc_column_text]<\/p>\n<ul>\n<li>D\u00e9partement des finances sans stress.<\/li>\n<li>S\u00e9lection solide de v\u00e9hicules populaires.<\/li>\n<li>350 offres sur place, auxquelles une communaut\u00e9 fait confiance.<\/li>\n<li>Entretenez votre bateau pour rester en s\u00e9curit\u00e9 sur la route<\/li>\n<\/ul>\n<p>.<\/p>\n<ul class=\"list-style-1\">\n<li>Nous savons comment g\u00e9rer un large \u00e9ventail de services pour bateaux.<\/li>\n<\/ul>\n<p>[\/vc_column_text][\/vc_column][vc_column width=&#8221;1\/2&#8243; el_class=&#8221;stm-col-pad-left&#8221;][vc_single_image image=&#8221;2212&#8243; img_size=&#8221;full&#8221; stm_fancybox=&#8221;yes&#8221; css=&#8221;.vc_custom_1468840805631{margin-bottom: 35px !important;}&#8221;][\/vc_column][\/vc_row][vc_row full_width=&#8221;stretch_row&#8221; css=&#8221;.vc_custom_1621195881810{margin-bottom: 83px !important;padding-top: 48px !important;padding-bottom: 31px !important;background-color: #86684d !important;}&#8221;][vc_column][vc_custom_heading text=&#8221;LUXURY YACHTS SPECIALIST GALERIE M\u00c9DIA&#8221; font_container=&#8221;tag:h2|text_align:center|color:%23ffffff&#8221; use_theme_fonts=&#8221;yes&#8221;][stm_carousel image_size=&#8221;270&#215;180&#8243; images=&#8221;2089,2089,2089,2089&#8243;][\/vc_column][\/vc_row][vc_row][vc_column width=&#8221;1\/2&#8243; el_class=&#8221;stm-col-pad-right&#8221; css=&#8221;.vc_custom_1445583873131{margin-bottom: 35px !important;}&#8221;][vc_custom_heading text=&#8221;T\u00c9MOIGNAGES DE CLIENTS&#8221; font_container=&#8221;tag:h3|text_align:left&#8221; use_theme_fonts=&#8221;yes&#8221; css=&#8221;.vc_custom_1445583787565{margin-bottom: 24px !important;}&#8221;][stm_testimonials][stm_testimonial image=&#8221;2089,2089,2089,2089&#8243; author=&#8221;Michael Doe&#8221;]<\/p>\n<h5>Le sp\u00e9cialiste des yachts de luxe est absolument merveilleux!<\/h5>\n<p>Je n&#8217;arrive pas \u00e0 croire que c&#8217;\u00e9tait si facile de vous vendre mon bateau. Vous avez vraiment rendu les choses aussi simples que vous l&#8217;aviez annonc\u00e9. Nous aimerions certainement faire \u00e0 nouveau appel \u00e0 Luxury Yachts Specialist![\/stm_testimonial][stm_testimonial image=&#8221;2089,2089,2089,2089&#8243; author=&#8221;Baxter Ion&#8221;]<\/p>\n<h5>Le sp\u00e9cialiste des yachts de luxe est absolument merveilleux!<\/h5>\n<p>J&#8217;ai choisi mon yacht \u00e0 moteur sur le site web, je l&#8217;ai achet\u00e9 et, quelques jours plus tard, il a \u00e9t\u00e9 livr\u00e9 \u00e0 mon domicile exactement comme d\u00e9crit par Luxury Yacht Specialist. Il n&#8217;y a eu ni surprise ni tracas. Ils vendent des bateaux de qualit\u00e9 \u00e0 un prix de qualit\u00e9.[\/stm_testimonial][\/stm_testimonials][\/vc_column][vc_column width=&#8221;1\/2&#8243; el_class=&#8221;stm-col-pad-left&#8221; css=&#8221;.vc_custom_1445583880769{margin-bottom: 35px !important;}&#8221;][\/vc_column][\/vc_row][vc_row full_width=&#8221;stretch_row&#8221; css=&#8221;.vc_custom_1445594139247{margin-bottom: 0px !important;padding-top: 48px !important;padding-bottom: 15px !important;background-color: #f0f2f5 !important;}&#8221;][vc_column][vc_custom_heading text=&#8221;NOTRE \u00c9QUIPE&#8221; font_container=&#8221;tag:h2|text_align:center&#8221; use_theme_fonts=&#8221;yes&#8221;][stm_color_separator css=&#8221;.vc_custom_1445585212007{margin-bottom: 26px !important;}&#8221;][vc_row_inner][vc_column_inner width=&#8221;1\/2&#8243; offset=&#8221;vc_col-lg-3&#8243;][stm_our_team image_size=&#8221;full&#8221; image=&#8221;2089,2089,2089,2089&#8243; name=&#8221;Derek&#8221; position=&#8221;x&#8221; email=&#8221;derek@luxuryyachtsspecialist.nl&#8221; phone=&#8221;+3100000000&#8243;][\/vc_column_inner][vc_column_inner width=&#8221;1\/2&#8243; offset=&#8221;vc_col-lg-3&#8243;][stm_our_team image_size=&#8221;full&#8221; image=&#8221;2089,2089,2089,2089&#8243; name=&#8221;Ruud&#8221; position=&#8221;x&#8221; email=&#8221;ruud@luxuryyachtsspecialist.nl&#8221; phone=&#8221;+310000000&#8243;][\/vc_column_inner][vc_column_inner width=&#8221;1\/2&#8243; offset=&#8221;vc_col-lg-3&#8243;][stm_our_team image_size=&#8221;full&#8221; image=&#8221;2089,2089,2089,2089&#8243; name=&#8221;x&#8221; position=&#8221;x&#8221; phone=&#8221;+31000000&#8243; email=&#8221;info@luxuryyachtsspecialist.nl&#8221;][\/vc_column_inner][vc_column_inner width=&#8221;1\/2&#8243; offset=&#8221;vc_col-lg-3&#8243;][stm_our_team image_size=&#8221;full&#8221; image=&#8221;2089,2089,2089,2089&#8243; name=&#8221;x&#8221; position=&#8221;Chef des ventes&#8221; email=&#8221;info@luxuryyachtsspecialist.nl&#8221; phone=&#8221;+31000000&#8243;][\/vc_column_inner][\/vc_row_inner][\/vc_column][\/vc_row]<\/p>\n<\/div>","protected":false},"excerpt":{"rendered":"<p>[vc_row css=&#8221;.vc_custom_1445496852478{margin-top: 40px !important;margin-bottom: 51px !important;}&#8221;][vc_column width=&#8221;1\/2&#8243; el_class=&#8221;stm-col-pad-right&#8221;][vc_single_image image=&#8221;2212&#8243; img_size=&#8221;full&#8221; stm_fancybox=&#8221;yes&#8221; css=&#8221;.vc_custom_1468840800051{margin-bottom: 35px !important;}&#8221;][\/vc_column][vc_column width=&#8221;1\/2&#8243; el_class=&#8221;stm-col-pad-left&#8221;][vc_column_text] BIENVENUE AU LUXURY YACHTS SERVICE Avant de prendre de l&#8217;avance, nous voulons vous souhaiter la bienvenue chez Luxury Yachts Specialist. Bien que rien ne puisse remplacer une exp\u00e9rience sur le terrain. Nous vous remercions de prendre le temps de&#8230;<\/p>\n","protected":false},"author":1,"featured_media":0,"parent":0,"menu_order":0,"comment_status":"closed","ping_status":"closed","template":"","meta":{"footnotes":""},"class_list":["post-2320","page","type-page","status-publish","hentry"],"yoast_head":"<!-- This site is optimized with the Yoast SEO plugin v27.5 - https:\/\/yoast.com\/product\/yoast-seo-wordpress\/ -->\n<title>A propos de nous - Luxury Yachts Specialist<\/title>\n<meta name=\"robots\" content=\"index, follow, max-snippet:-1, max-image-preview:large, max-video-preview:-1\" \/>\n<link rel=\"canonical\" href=\"https:\/\/www.luxuryyachtsspecialist.nl\/fr\/a-propos-de-nous\/\" \/>\n<meta property=\"og:locale\" content=\"fr_FR\" \/>\n<meta property=\"og:type\" content=\"article\" \/>\n<meta property=\"og:title\" content=\"A propos de nous - Luxury Yachts Specialist\" \/>\n<meta property=\"og:description\" content=\"[vc_row css=&#8221;.vc_custom_1445496852478{margin-top: 40px !important;margin-bottom: 51px !important;}&#8221;][vc_column width=&#8221;1\/2&#8243; el_class=&#8221;stm-col-pad-right&#8221;][vc_single_image image=&#8221;2212&#8243; img_size=&#8221;full&#8221; stm_fancybox=&#8221;yes&#8221; css=&#8221;.vc_custom_1468840800051{margin-bottom: 35px !important;}&#8221;][\/vc_column][vc_column width=&#8221;1\/2&#8243; el_class=&#8221;stm-col-pad-left&#8221;][vc_column_text] BIENVENUE AU LUXURY YACHTS SERVICE Avant de prendre de l&#8217;avance, nous voulons vous souhaiter la bienvenue chez Luxury Yachts Specialist. Bien que rien ne puisse remplacer une exp\u00e9rience sur le terrain. Nous vous remercions de prendre le temps de...\" \/>\n<meta property=\"og:url\" content=\"https:\/\/www.luxuryyachtsspecialist.nl\/fr\/a-propos-de-nous\/\" \/>\n<meta property=\"og:site_name\" content=\"Luxury Yachts Specialist\" \/>\n<meta property=\"article:modified_time\" content=\"2021-05-19T09:47:01+00:00\" \/>\n<meta name=\"twitter:card\" content=\"summary_large_image\" \/>\n<meta name=\"twitter:label1\" content=\"Dur\u00e9e de lecture estim\u00e9e\" \/>\n\t<meta name=\"twitter:data1\" content=\"4 minutes\" \/>\n<script type=\"application\/ld+json\" class=\"yoast-schema-graph\">{\"@context\":\"https:\\\/\\\/schema.org\",\"@graph\":[{\"@type\":\"WebPage\",\"@id\":\"https:\\\/\\\/www.luxuryyachtsspecialist.nl\\\/fr\\\/a-propos-de-nous\\\/\",\"url\":\"https:\\\/\\\/www.luxuryyachtsspecialist.nl\\\/fr\\\/a-propos-de-nous\\\/\",\"name\":\"A propos de nous - Luxury Yachts Specialist\",\"isPartOf\":{\"@id\":\"https:\\\/\\\/www.luxuryyachtsspecialist.nl\\\/fr\\\/#website\"},\"datePublished\":\"2021-03-29T13:22:48+00:00\",\"dateModified\":\"2021-05-19T09:47:01+00:00\",\"breadcrumb\":{\"@id\":\"https:\\\/\\\/www.luxuryyachtsspecialist.nl\\\/fr\\\/a-propos-de-nous\\\/#breadcrumb\"},\"inLanguage\":\"fr-FR\",\"potentialAction\":[{\"@type\":\"ReadAction\",\"target\":[\"https:\\\/\\\/www.luxuryyachtsspecialist.nl\\\/fr\\\/a-propos-de-nous\\\/\"]}]},{\"@type\":\"BreadcrumbList\",\"@id\":\"https:\\\/\\\/www.luxuryyachtsspecialist.nl\\\/fr\\\/a-propos-de-nous\\\/#breadcrumb\",\"itemListElement\":[{\"@type\":\"ListItem\",\"position\":1,\"name\":\"Home\",\"item\":\"https:\\\/\\\/www.luxuryyachtsspecialist.nl\\\/fr\\\/page-daccueil\\\/\"},{\"@type\":\"ListItem\",\"position\":2,\"name\":\"A propos de nous\"}]},{\"@type\":\"WebSite\",\"@id\":\"https:\\\/\\\/www.luxuryyachtsspecialist.nl\\\/fr\\\/#website\",\"url\":\"https:\\\/\\\/www.luxuryyachtsspecialist.nl\\\/fr\\\/\",\"name\":\"Luxury Yachts Specialist\",\"description\":\"\",\"potentialAction\":[{\"@type\":\"SearchAction\",\"target\":{\"@type\":\"EntryPoint\",\"urlTemplate\":\"https:\\\/\\\/www.luxuryyachtsspecialist.nl\\\/fr\\\/?s={search_term_string}\"},\"query-input\":{\"@type\":\"PropertyValueSpecification\",\"valueRequired\":true,\"valueName\":\"search_term_string\"}}],\"inLanguage\":\"fr-FR\"}]}<\/script>\n<!-- \/ Yoast SEO plugin. -->","yoast_head_json":{"title":"A propos de nous - Luxury Yachts Specialist","robots":{"index":"index","follow":"follow","max-snippet":"max-snippet:-1","max-image-preview":"max-image-preview:large","max-video-preview":"max-video-preview:-1"},"canonical":"https:\/\/www.luxuryyachtsspecialist.nl\/fr\/a-propos-de-nous\/","og_locale":"fr_FR","og_type":"article","og_title":"A propos de nous - Luxury Yachts Specialist","og_description":"[vc_row css=&#8221;.vc_custom_1445496852478{margin-top: 40px !important;margin-bottom: 51px !important;}&#8221;][vc_column width=&#8221;1\/2&#8243; el_class=&#8221;stm-col-pad-right&#8221;][vc_single_image image=&#8221;2212&#8243; img_size=&#8221;full&#8221; stm_fancybox=&#8221;yes&#8221; css=&#8221;.vc_custom_1468840800051{margin-bottom: 35px !important;}&#8221;][\/vc_column][vc_column width=&#8221;1\/2&#8243; el_class=&#8221;stm-col-pad-left&#8221;][vc_column_text] BIENVENUE AU LUXURY YACHTS SERVICE Avant de prendre de l&#8217;avance, nous voulons vous souhaiter la bienvenue chez Luxury Yachts Specialist. Bien que rien ne puisse remplacer une exp\u00e9rience sur le terrain. Nous vous remercions de prendre le temps de...","og_url":"https:\/\/www.luxuryyachtsspecialist.nl\/fr\/a-propos-de-nous\/","og_site_name":"Luxury Yachts Specialist","article_modified_time":"2021-05-19T09:47:01+00:00","twitter_card":"summary_large_image","twitter_misc":{"Dur\u00e9e de lecture estim\u00e9e":"4 minutes"},"schema":{"@context":"https:\/\/schema.org","@graph":[{"@type":"WebPage","@id":"https:\/\/www.luxuryyachtsspecialist.nl\/fr\/a-propos-de-nous\/","url":"https:\/\/www.luxuryyachtsspecialist.nl\/fr\/a-propos-de-nous\/","name":"A propos de nous - Luxury Yachts Specialist","isPartOf":{"@id":"https:\/\/www.luxuryyachtsspecialist.nl\/fr\/#website"},"datePublished":"2021-03-29T13:22:48+00:00","dateModified":"2021-05-19T09:47:01+00:00","breadcrumb":{"@id":"https:\/\/www.luxuryyachtsspecialist.nl\/fr\/a-propos-de-nous\/#breadcrumb"},"inLanguage":"fr-FR","potentialAction":[{"@type":"ReadAction","target":["https:\/\/www.luxuryyachtsspecialist.nl\/fr\/a-propos-de-nous\/"]}]},{"@type":"BreadcrumbList","@id":"https:\/\/www.luxuryyachtsspecialist.nl\/fr\/a-propos-de-nous\/#breadcrumb","itemListElement":[{"@type":"ListItem","position":1,"name":"Home","item":"https:\/\/www.luxuryyachtsspecialist.nl\/fr\/page-daccueil\/"},{"@type":"ListItem","position":2,"name":"A propos de nous"}]},{"@type":"WebSite","@id":"https:\/\/www.luxuryyachtsspecialist.nl\/fr\/#website","url":"https:\/\/www.luxuryyachtsspecialist.nl\/fr\/","name":"Luxury Yachts Specialist","description":"","potentialAction":[{"@type":"SearchAction","target":{"@type":"EntryPoint","urlTemplate":"https:\/\/www.luxuryyachtsspecialist.nl\/fr\/?s={search_term_string}"},"query-input":{"@type":"PropertyValueSpecification","valueRequired":true,"valueName":"search_term_string"}}],"inLanguage":"fr-FR"}]}},"jetpack_sharing_enabled":true,"_links":{"self":[{"href":"https:\/\/www.luxuryyachtsspecialist.nl\/fr\/wp-json\/wp\/v2\/pages\/2320","targetHints":{"allow":["GET"]}}],"collection":[{"href":"https:\/\/www.luxuryyachtsspecialist.nl\/fr\/wp-json\/wp\/v2\/pages"}],"about":[{"href":"https:\/\/www.luxuryyachtsspecialist.nl\/fr\/wp-json\/wp\/v2\/types\/page"}],"author":[{"embeddable":true,"href":"https:\/\/www.luxuryyachtsspecialist.nl\/fr\/wp-json\/wp\/v2\/users\/1"}],"replies":[{"embeddable":true,"href":"https:\/\/www.luxuryyachtsspecialist.nl\/fr\/wp-json\/wp\/v2\/comments?post=2320"}],"version-history":[{"count":0,"href":"https:\/\/www.luxuryyachtsspecialist.nl\/fr\/wp-json\/wp\/v2\/pages\/2320\/revisions"}],"wp:attachment":[{"href":"https:\/\/www.luxuryyachtsspecialist.nl\/fr\/wp-json\/wp\/v2\/media?parent=2320"}],"curies":[{"name":"wp","href":"https:\/\/api.w.org\/{rel}","templated":true}]}}