{"id":2270,"date":"2021-03-29T12:12:10","date_gmt":"2021-03-29T11:12:10","guid":{"rendered":"https:\/\/www.luxuryyachtsspecialist.nl\/page-daccueil\/"},"modified":"2025-09-03T10:57:08","modified_gmt":"2025-09-03T09:57:08","slug":"page-daccueil","status":"publish","type":"page","link":"https:\/\/www.luxuryyachtsspecialist.nl\/fr\/","title":{"rendered":"Accueil"},"content":{"rendered":"<div class=\"wpb-content-wrapper\"><p>[vc_row full_width=&#8221;stretch_row&#8221; css=&#8221;.vc_custom_1448545243300{margin-bottom: 0px !important;}&#8221; el_class=&#8221;stm-slider-nice-height&#8221;][vc_column][rev_slider_vc alias=&#8221;home_slider&#8221;][\/vc_column][\/vc_row][vc_row full_width=&#8221;stretch_row&#8221; css=&#8221;.vc_custom_1467712651670{padding-top: 37px !important;padding-bottom: 22px !important;background-color: #eceff3 !important;}&#8221;][vc_column][stm_row_icons filter_selected=&#8221;boat-type&#8221;][\/vc_column][\/vc_row][vc_row css=&#8221;.vc_custom_1467720363707{padding-top: 71px !important;padding-bottom: 82px !important;}&#8221;][vc_column][vc_custom_heading text=&#8221;Bateaux neufs&#8221; font_container=&#8221;tag:h2|text_align:center|color:%23000000&#8243; use_theme_fonts=&#8221;yes&#8221; css=&#8221;.vc_custom_1617015418106{margin-bottom: 2px !important;}&#8221;][stm_color_separator][stm_featured_boats css=&#8221;.vc_custom_1467720236990{margin-top: -6px !important;}&#8221;][\/vc_column][\/vc_row][vc_row full_width=&#8221;stretch_row&#8221; disable_element=&#8221;yes&#8221; css=&#8221;.vc_custom_1618442037137{padding-top: 47px !important;background-color: #000000 !important;}&#8221; float_menu_color=&#8221;ffffff&#8221;][vc_column width=&#8221;1\/2&#8243; offset=&#8221;vc_col-lg-3&#8243;][stm_icon_counter_boats icon=&#8221;stm-boats-icon-shackle&#8221; stm_counter_value=&#8221;1000&#8243; stm_counter_time=&#8221;2&#8243; stm_counter_label=&#8221;Longueur totale des bateaux vendus depuis 2020&#8243; box_bg_color=&#8221;#ffffff&#8221;][\/vc_column][vc_column width=&#8221;1\/2&#8243; offset=&#8221;vc_col-lg-3&#8243;][stm_icon_counter_boats icon=&#8221;stm-boats-icon-compass&#8221; stm_counter_value=&#8221;1&#8243; stm_counter_time=&#8221;2&#8243; stm_counter_label=&#8221;Emplacement avec acc\u00e8s facile au canal d&#8217;eau profonde&#8221; box_bg_color=&#8221;#ffffff&#8221;][\/vc_column][vc_column width=&#8221;1\/2&#8243; offset=&#8221;vc_col-lg-3&#8243;][stm_icon_counter_boats icon=&#8221;stm-boats-icon-anchor&#8221; stm_counter_value=&#8221;800&#8243; stm_counter_time=&#8221;2&#8243; stm_counter_label=&#8221;m2 Salle d&#8217;exposition remplie de bateaux neufs et d&#8217;occasion&#8221; box_bg_color=&#8221;#ffffff&#8221;][\/vc_column][vc_column width=&#8221;1\/2&#8243; offset=&#8221;vc_col-lg-3&#8243;][stm_icon_counter_boats icon=&#8221;stm-boats-icon-hat&#8221; stm_counter_value=&#8221;2&#8243; stm_counter_time=&#8221;2&#8243; stm_counter_label=&#8221;Nombre de professionnels de la navigation de plaisance&#8221; box_bg_color=&#8221;#ffffff&#8221;][\/vc_column][\/vc_row][vc_row parallax=&#8221;content-moving&#8221; css=&#8221;.vc_custom_1618442695002{padding-top: 72px !important;padding-bottom: 58px !important;background-image: url(https:\/\/www.luxuryyachtsspecialist.nl\/wp-content\/uploads\/2021\/04\/cia-gould-5-WsIPUwhlI-unsplash-blur.jpg?id=2502) !important;}&#8221; el_class=&#8221;stm-fullwidth-with-parallax&#8221;][vc_column][vc_custom_heading text=&#8221;Nos services&#8221; font_container=&#8221;tag:h2|text_align:center&#8221; use_theme_fonts=&#8221;yes&#8221; css=&#8221;.vc_custom_1616606800727{margin-bottom: 2px !important;}&#8221;][stm_color_separator color=&#8221;#86684c&#8221;][\/vc_column][vc_column width=&#8221;1\/3&#8243;][stm_icon_box title_holder=&#8221;h5&#8243; style_layout=&#8221;boats&#8221; icon=&#8221;stm-boats-icon-crew&#8221; title=&#8221;Rencontrez notre \u00e9quipe&#8221; link=&#8221;url:https%3A%2F%2Fwww.luxuryyachtsspecialist.nl%2Ffr%2Fteam%2F|title:l&#8217;Equipe|rel:nofollow&#8221; box_bg_color=&#8221;rgba(255,255,255,0.9)&#8221; line_height=&#8221;24&#8243; icon_color=&#8221;#86684c&#8221;]<span style=\"color: #888888;\">Trois professionnels du yacht \u00e0 moteur disponibles pour optimiser votre exp\u00e9rience.<\/span>[\/stm_icon_box][stm_icon_box title_holder=&#8221;h5&#8243; style_layout=&#8221;boats&#8221; icon=&#8221;fas fa-globe&#8221; title=&#8221;A travers l&#8217;Europe&#8221; link=&#8221;url:%23|title:Icon%20box%201|target:%20_blank|rel:nofollow&#8221; box_bg_color=&#8221;rgba(255,255,255,0.9)&#8221; line_height=&#8221;24&#8243; icon_color=&#8221;#86684c&#8221;]<span style=\"color: #888888;\">Sur demande, nous pouvons livrer votre motoryacht o\u00f9 vous le souhaitez.<\/span>[\/stm_icon_box][\/vc_column][vc_column width=&#8221;1\/3&#8243;][stm_icon_box title_holder=&#8221;h5&#8243; style_layout=&#8221;boats&#8221; icon=&#8221;stm-boats-icon-binoculars&#8221; title=&#8221;D\u00e9tective de bateaux&#8221; link=&#8221;url:%23|title:Icon%20box%201|target:%20_blank|rel:nofollow&#8221; box_bg_color=&#8221;rgba(255,255,255,0.9)&#8221; line_height=&#8221;24&#8243; icon_color=&#8221;#86684c&#8221;]<span style=\"color: #888888;\">Le sp\u00e9cialiste des yachts de luxe est \u00e0 un clic de vous. Choisissez nos ann\u00e9es d&#8217;exp\u00e9rience.<\/span> [\/stm_icon_box][stm_icon_box title_holder=&#8221;h5&#8243; style_layout=&#8221;boats&#8221; icon=&#8221;stm-boats-icon-helm&#8221; title=&#8221;Qualit\u00e9&#8221; link=&#8221;url:%23|title:Icon%20box%201|target:%20_blank|rel:nofollow&#8221; box_bg_color=&#8221;rgba(255,255,255,0.9)&#8221; line_height=&#8221;24&#8243; icon_color=&#8221;#86684c&#8221;]<span style=\"color: #888888;\">Luxury Yachts Specialist ne livre que des yachts \u00e0 moteur de qualit\u00e9 sup\u00e9rieure.<\/span>[\/stm_icon_box][\/vc_column][vc_column width=&#8221;1\/3&#8243;][stm_icon_box title_holder=&#8221;h5&#8243; style_layout=&#8221;boats&#8221; icon=&#8221;stm-boats-icon-anchor&#8221; title=&#8221;Nous trouvons&#8221; link=&#8221;url:%23|title:Icon%20box%201|target:%20_blank|rel:nofollow&#8221; box_bg_color=&#8221;rgba(255,255,255,0.9)&#8221; line_height=&#8221;24&#8243; icon_color=&#8221;#86684c&#8221;]<span style=\"color: #888888;\">Trouvons votre nouveau bateau. L&#8217;\u00e9quipe des sp\u00e9cialistes des yachts de luxe vous attend.<\/span>[\/stm_icon_box][stm_icon_box title_holder=&#8221;h5&#8243; style_layout=&#8221;boats&#8221; icon=&#8221;stm-boats-icon-engine-repairs&#8221; title=&#8221;Entretien sans souci&#8221; link=&#8221;url:%23|title:Icon%20box%201|target:%20_blank|rel:nofollow&#8221; box_bg_color=&#8221;rgba(255,255,255,0.9)&#8221; line_height=&#8221;24&#8243; icon_color=&#8221;#86684c&#8221;]<span style=\"color: #888888;\">L&#8217;entretien de votre bateau est entre de bonnes mains chez Luxury Yachts Specialist.<\/span>[\/stm_icon_box][\/vc_column][\/vc_row][vc_row css=&#8221;.vc_custom_1467713319173{padding-top: 80px !important;padding-bottom: 80px !important;}&#8221;][vc_column width=&#8221;1\/2&#8243;][vc_single_image image=&#8221;2633&#8243; img_size=&#8221;large&#8221;][vc_empty_space height=&#8221;15px&#8221;][\/vc_column][vc_column width=&#8221;1\/2&#8243;][vc_custom_heading text=&#8221;Nos services : vente de bateaux et entretien&#8221; font_container=&#8221;tag:h3|font_size:30|text_align:left|color:%23000000&#8243; use_theme_fonts=&#8221;yes&#8221; css=&#8221;.vc_custom_1616606853863{margin-top: -6px !important;margin-bottom: 3px !important;}&#8221;][stm_color_separator align=&#8221;text-left&#8221; css=&#8221;.vc_custom_1467717369643{margin-bottom: 10px !important;}&#8221;][vc_custom_heading text=&#8221;Luxury Yachts Specialist est votre courtier en yachts \u00e0 moteur.&#8221; font_container=&#8221;tag:h5|font_size:16|text_align:left|line_height:26px&#8221; use_theme_fonts=&#8221;yes&#8221; css_animation=&#8221;fadeIn&#8221; css=&#8221;.vc_custom_1618442153459{margin-top: -12px !important;margin-bottom: 17px !important;}&#8221;][vc_column_text css_animation=&#8221;fadeIn&#8221; css=&#8221;.vc_custom_1622097586583{margin-bottom: 25px !important;}&#8221;]<span style=\"color: #808080; line-height: 26px;\">R\u00e9alisez le v\u00e9ritable potentiel de votre yacht. Pour une \u00e9valuation gratuite, sans obligation et \u00e0 jour de votre yacht, veuillez remplir le formulaire sur notre site Web, en nous envoyant le plus d&#8217;informations possible sur votre yacht, afin que nous puissions vous fournir une \u00e9valuation r\u00e9aliste.<\/span><\/p>\n<p><span style=\"color: #808080; line-height: 26px;\">Notre \u00e9valuation sera bas\u00e9e sur notre connaissance experte du march\u00e9, les prix de vente r\u00e9cents d&#8217;embarcations similaires, ainsi que les prix demand\u00e9s actuellement sur le march\u00e9.<\/span><\/p>\n<p><span style=\"color: #808080; line-height: 26px;\">Un membre de notre \u00e9quipe vous contactera sous peu avec votre \u00e9valuation, et sera \u00e0 votre disposition si vous souhaitez discuter davantage de vos opportunit\u00e9s de vente.<\/span><\/p>\n<p><span style=\"color: #808080; line-height: 26px;\">Au lieu de cela, vous pouvez nous contacter directement \u00e0 info@ luxuryyachtsspecialist.nl ou nous appeler au +31(0)85-0606071.<\/span><\/p>\n<p><span style=\"color: #808080; line-height: 26px;\">Avant de vous inscrire avec nous, pourquoi ne pas jeter un coup d&#8217;\u0153il \u00e0 nos yachts actuels \u00e0 vendre.<\/span>[\/vc_column_text][stm_icon_button link=&#8221;url:https%3A%2F%2Fwww.luxuryyachtsspecialist.nl%2Ffr%2Fnous-contacter%2F|title:demander%20une%20%C3%A9valuation%20gratuite&#8221; box_bg_color=&#8221;#dd3333&#8243;][\/vc_column][\/vc_row][vc_row parallax=&#8221;content-moving&#8221; el_class=&#8221;stm-fullwidth-with-parallax&#8221; css=&#8221;.vc_custom_1618442597606{padding-top: 72px !important;padding-bottom: 45px !important;background-image: url(https:\/\/www.luxuryyachtsspecialist.nl\/wp-content\/uploads\/2021\/04\/cia-gould-5-WsIPUwhlI-unsplash-blur.jpg?id=2502) !important;}&#8221;][vc_column][vc_custom_heading text=&#8221;Nos clients satisfaits&#8221; font_container=&#8221;tag:h2|text_align:center|color:%230a0a0a&#8221; use_theme_fonts=&#8221;yes&#8221; css=&#8221;.vc_custom_1618442430772{margin-bottom: 2px !important;}&#8221;][stm_color_separator][stm_testimonials_boats][stm_testimonial_boats image=&#8221;5095&#8243; author=&#8221;Stephanie Djolina&#8221;]Regardez Luxury Yachts \u00e0 Aalsmeer ici nous avons il y a 2 semaines achet\u00e9 notre Fairline Targa 43. Le propri\u00e9taire, Derek, est un homme de parole et peut \u00e9galement vous aider dans votre recherche ! Recommandation ![\/stm_testimonial_boats][stm_testimonial_boats image=&#8221;2089,2089,2089,2089&#8243; author=&#8221;Daniel &amp; Samantha Lestreid&#8221;]Du premier au dernier contact, l&#8217;\u00e9quipe des sp\u00e9cialistes de Luxury Yachts nous a toujours aid\u00e9s. Ils ont toujours r\u00e9pondu rapidement aux nombreux probl\u00e8mes que nous avons rencontr\u00e9s. Ils ont su nous guider et nous aider dans notre processus de d\u00e9cision sans essayer de nous &#8220;vendre un bateau&#8221;. Ils ont \u00e9cout\u00e9 nos pr\u00e9occupations et nos inqui\u00e9tudes et ont toujours \u00e9t\u00e9 l\u00e0 pour nous donner des conseils avis\u00e9s.[\/stm_testimonial_boats][stm_testimonial_boats image=&#8221;2089,2089,2089,2089&#8243; author=&#8221;Daniel &amp; Samantha Lestreid&#8221;]Du premier au dernier contact, l&#8217;\u00e9quipe des sp\u00e9cialistes de Luxury Yachts nous a toujours aid\u00e9s. Ils ont toujours r\u00e9pondu rapidement aux nombreux probl\u00e8mes que nous avons rencontr\u00e9s. Ils ont su nous guider et nous aider dans notre processus de d\u00e9cision sans essayer de nous &#8220;vendre un bateau&#8221;. Ils ont \u00e9cout\u00e9 nos pr\u00e9occupations et nos inqui\u00e9tudes et ont toujours \u00e9t\u00e9 l\u00e0 pour nous donner des conseils avis\u00e9s.[\/stm_testimonial_boats][stm_testimonial_boats image=&#8221;2089,2089,2089,2089&#8243; author=&#8221;Daniel &amp; Samantha Lestreid&#8221;]Du premier au dernier contact, l&#8217;\u00e9quipe des sp\u00e9cialistes de Luxury Yachts nous a toujours aid\u00e9s. Ils ont toujours r\u00e9pondu rapidement aux nombreux probl\u00e8mes que nous avons rencontr\u00e9s. Ils ont su nous guider et nous aider dans notre processus de d\u00e9cision sans essayer de nous &#8220;vendre un bateau&#8221;. Ils ont \u00e9cout\u00e9 nos pr\u00e9occupations et nos inqui\u00e9tudes et ont toujours \u00e9t\u00e9 l\u00e0 pour nous donner des conseils avis\u00e9s.[\/stm_testimonial_boats][stm_testimonial_boats image=&#8221;2089,2089,2089,2089&#8243; author=&#8221;Daniel &amp; Samantha Lestreid&#8221;]Du premier au dernier contact, l&#8217;\u00e9quipe des sp\u00e9cialistes de Luxury Yachts nous a toujours aid\u00e9s. Ils ont toujours r\u00e9pondu rapidement aux nombreux probl\u00e8mes que nous avons rencontr\u00e9s. Ils ont su nous guider et nous aider dans notre processus de d\u00e9cision sans essayer de nous &#8220;vendre un bateau&#8221;. Ils ont \u00e9cout\u00e9 nos pr\u00e9occupations et nos inqui\u00e9tudes et ont toujours \u00e9t\u00e9 l\u00e0 pour nous donner des conseils avis\u00e9s.[\/stm_testimonial_boats][\/stm_testimonials_boats][\/vc_column][\/vc_row][vc_row disable_element=&#8221;yes&#8221; css=&#8221;.vc_custom_1618442316341{padding-top: 70px !important;padding-bottom: 42px !important;}&#8221;][vc_column][vc_custom_heading text=&#8221;Derni\u00e8res nouvelles&#8221; font_container=&#8221;tag:h2|text_align:center|color:%23000000&#8243; use_theme_fonts=&#8221;yes&#8221; css=&#8221;.vc_custom_1616057054648{margin-bottom: 2px !important;}&#8221;][stm_color_separator][stm_latest_news number_of_posts=&#8221;2&#8243;][\/vc_column][\/vc_row]<\/p>\n<\/div>","protected":false},"excerpt":{"rendered":"<p>[vc_row full_width=&#8221;stretch_row&#8221; css=&#8221;.vc_custom_1448545243300{margin-bottom: 0px !important;}&#8221; el_class=&#8221;stm-slider-nice-height&#8221;][vc_column][rev_slider_vc alias=&#8221;home_slider&#8221;][\/vc_column][\/vc_row][vc_row full_width=&#8221;stretch_row&#8221; css=&#8221;.vc_custom_1467712651670{padding-top: 37px !important;padding-bottom: 22px !important;background-color: #eceff3 !important;}&#8221;][vc_column][stm_row_icons filter_selected=&#8221;boat-type&#8221;][\/vc_column][\/vc_row][vc_row css=&#8221;.vc_custom_1467720363707{padding-top: 71px !important;padding-bottom: 82px !important;}&#8221;][vc_column][vc_custom_heading text=&#8221;Bateaux neufs&#8221; font_container=&#8221;tag:h2|text_align:center|color:%23000000&#8243; use_theme_fonts=&#8221;yes&#8221; css=&#8221;.vc_custom_1617015418106{margin-bottom: 2px !important;}&#8221;][stm_color_separator][stm_featured_boats css=&#8221;.vc_custom_1467720236990{margin-top: -6px !important;}&#8221;][\/vc_column][\/vc_row][vc_row full_width=&#8221;stretch_row&#8221; disable_element=&#8221;yes&#8221; css=&#8221;.vc_custom_1618442037137{padding-top: 47px !important;background-color: #000000 !important;}&#8221; float_menu_color=&#8221;ffffff&#8221;][vc_column width=&#8221;1\/2&#8243; offset=&#8221;vc_col-lg-3&#8243;][stm_icon_counter_boats icon=&#8221;stm-boats-icon-shackle&#8221; stm_counter_value=&#8221;1000&#8243; stm_counter_time=&#8221;2&#8243; stm_counter_label=&#8221;Longueur totale des bateaux vendus depuis 2020&#8243; box_bg_color=&#8221;#ffffff&#8221;][\/vc_column][vc_column width=&#8221;1\/2&#8243; offset=&#8221;vc_col-lg-3&#8243;][stm_icon_counter_boats icon=&#8221;stm-boats-icon-compass&#8221;&#8230;<\/p>\n","protected":false},"author":1,"featured_media":0,"parent":0,"menu_order":0,"comment_status":"closed","ping_status":"closed","template":"","meta":{"footnotes":""},"class_list":["post-2270","page","type-page","status-publish","hentry"],"yoast_head":"<!-- This site is optimized with the Yoast SEO plugin v27.5 - https:\/\/yoast.com\/product\/yoast-seo-wordpress\/ -->\n<title>Accueil - Luxury Yachts Specialist<\/title>\n<meta name=\"description\" content=\"Luxury Yachts Specialist est votre courtier n\u00e9erlandais en yachts \u00e0 moteur. Avec plus de 25 ans d&#039;exp\u00e9rience dans l&#039;achat et la vente de yachts \u00e0 moteur en Europe.\" \/>\n<meta name=\"robots\" content=\"index, follow, max-snippet:-1, max-image-preview:large, max-video-preview:-1\" \/>\n<link rel=\"canonical\" href=\"https:\/\/www.luxuryyachtsspecialist.nl\/fr\/\" \/>\n<meta property=\"og:locale\" content=\"fr_FR\" \/>\n<meta property=\"og:type\" content=\"article\" \/>\n<meta property=\"og:title\" content=\"Accueil - Luxury Yachts Specialist\" \/>\n<meta property=\"og:description\" content=\"Luxury Yachts Specialist est votre courtier n\u00e9erlandais en yachts \u00e0 moteur. Avec plus de 25 ans d&#039;exp\u00e9rience dans l&#039;achat et la vente de yachts \u00e0 moteur en Europe.\" \/>\n<meta property=\"og:url\" content=\"https:\/\/www.luxuryyachtsspecialist.nl\/fr\/\" \/>\n<meta property=\"og:site_name\" content=\"Luxury Yachts Specialist\" \/>\n<meta property=\"article:modified_time\" content=\"2025-09-03T09:57:08+00:00\" \/>\n<meta name=\"twitter:card\" content=\"summary_large_image\" \/>\n<meta name=\"twitter:label1\" content=\"Dur\u00e9e de lecture estim\u00e9e\" \/>\n\t<meta name=\"twitter:data1\" content=\"7 minutes\" \/>\n<script type=\"application\/ld+json\" class=\"yoast-schema-graph\">{\"@context\":\"https:\\\/\\\/schema.org\",\"@graph\":[{\"@type\":\"WebPage\",\"@id\":\"https:\\\/\\\/www.luxuryyachtsspecialist.nl\\\/fr\\\/\",\"url\":\"https:\\\/\\\/www.luxuryyachtsspecialist.nl\\\/fr\\\/\",\"name\":\"Accueil - Luxury Yachts Specialist\",\"isPartOf\":{\"@id\":\"https:\\\/\\\/www.luxuryyachtsspecialist.nl\\\/fr\\\/#website\"},\"datePublished\":\"2021-03-29T11:12:10+00:00\",\"dateModified\":\"2025-09-03T09:57:08+00:00\",\"description\":\"Luxury Yachts Specialist est votre courtier n\u00e9erlandais en yachts \u00e0 moteur. Avec plus de 25 ans d'exp\u00e9rience dans l'achat et la vente de yachts \u00e0 moteur en Europe.\",\"breadcrumb\":{\"@id\":\"https:\\\/\\\/www.luxuryyachtsspecialist.nl\\\/fr\\\/#breadcrumb\"},\"inLanguage\":\"fr-FR\",\"potentialAction\":[{\"@type\":\"ReadAction\",\"target\":[\"https:\\\/\\\/www.luxuryyachtsspecialist.nl\\\/fr\\\/\"]}]},{\"@type\":\"BreadcrumbList\",\"@id\":\"https:\\\/\\\/www.luxuryyachtsspecialist.nl\\\/fr\\\/#breadcrumb\",\"itemListElement\":[{\"@type\":\"ListItem\",\"position\":1,\"name\":\"Home\",\"item\":\"https:\\\/\\\/www.luxuryyachtsspecialist.nl\\\/fr\\\/page-daccueil\\\/\"},{\"@type\":\"ListItem\",\"position\":2,\"name\":\"Accueil\"}]},{\"@type\":\"WebSite\",\"@id\":\"https:\\\/\\\/www.luxuryyachtsspecialist.nl\\\/fr\\\/#website\",\"url\":\"https:\\\/\\\/www.luxuryyachtsspecialist.nl\\\/fr\\\/\",\"name\":\"Luxury Yachts Specialist\",\"description\":\"\",\"potentialAction\":[{\"@type\":\"SearchAction\",\"target\":{\"@type\":\"EntryPoint\",\"urlTemplate\":\"https:\\\/\\\/www.luxuryyachtsspecialist.nl\\\/fr\\\/?s={search_term_string}\"},\"query-input\":{\"@type\":\"PropertyValueSpecification\",\"valueRequired\":true,\"valueName\":\"search_term_string\"}}],\"inLanguage\":\"fr-FR\"}]}<\/script>\n<!-- \/ Yoast SEO plugin. -->","yoast_head_json":{"title":"Accueil - Luxury Yachts Specialist","description":"Luxury Yachts Specialist est votre courtier n\u00e9erlandais en yachts \u00e0 moteur. Avec plus de 25 ans d'exp\u00e9rience dans l'achat et la vente de yachts \u00e0 moteur en Europe.","robots":{"index":"index","follow":"follow","max-snippet":"max-snippet:-1","max-image-preview":"max-image-preview:large","max-video-preview":"max-video-preview:-1"},"canonical":"https:\/\/www.luxuryyachtsspecialist.nl\/fr\/","og_locale":"fr_FR","og_type":"article","og_title":"Accueil - Luxury Yachts Specialist","og_description":"Luxury Yachts Specialist est votre courtier n\u00e9erlandais en yachts \u00e0 moteur. Avec plus de 25 ans d'exp\u00e9rience dans l'achat et la vente de yachts \u00e0 moteur en Europe.","og_url":"https:\/\/www.luxuryyachtsspecialist.nl\/fr\/","og_site_name":"Luxury Yachts Specialist","article_modified_time":"2025-09-03T09:57:08+00:00","twitter_card":"summary_large_image","twitter_misc":{"Dur\u00e9e de lecture estim\u00e9e":"7 minutes"},"schema":{"@context":"https:\/\/schema.org","@graph":[{"@type":"WebPage","@id":"https:\/\/www.luxuryyachtsspecialist.nl\/fr\/","url":"https:\/\/www.luxuryyachtsspecialist.nl\/fr\/","name":"Accueil - Luxury Yachts Specialist","isPartOf":{"@id":"https:\/\/www.luxuryyachtsspecialist.nl\/fr\/#website"},"datePublished":"2021-03-29T11:12:10+00:00","dateModified":"2025-09-03T09:57:08+00:00","description":"Luxury Yachts Specialist est votre courtier n\u00e9erlandais en yachts \u00e0 moteur. Avec plus de 25 ans d'exp\u00e9rience dans l'achat et la vente de yachts \u00e0 moteur en Europe.","breadcrumb":{"@id":"https:\/\/www.luxuryyachtsspecialist.nl\/fr\/#breadcrumb"},"inLanguage":"fr-FR","potentialAction":[{"@type":"ReadAction","target":["https:\/\/www.luxuryyachtsspecialist.nl\/fr\/"]}]},{"@type":"BreadcrumbList","@id":"https:\/\/www.luxuryyachtsspecialist.nl\/fr\/#breadcrumb","itemListElement":[{"@type":"ListItem","position":1,"name":"Home","item":"https:\/\/www.luxuryyachtsspecialist.nl\/fr\/page-daccueil\/"},{"@type":"ListItem","position":2,"name":"Accueil"}]},{"@type":"WebSite","@id":"https:\/\/www.luxuryyachtsspecialist.nl\/fr\/#website","url":"https:\/\/www.luxuryyachtsspecialist.nl\/fr\/","name":"Luxury Yachts Specialist","description":"","potentialAction":[{"@type":"SearchAction","target":{"@type":"EntryPoint","urlTemplate":"https:\/\/www.luxuryyachtsspecialist.nl\/fr\/?s={search_term_string}"},"query-input":{"@type":"PropertyValueSpecification","valueRequired":true,"valueName":"search_term_string"}}],"inLanguage":"fr-FR"}]}},"jetpack_sharing_enabled":true,"_links":{"self":[{"href":"https:\/\/www.luxuryyachtsspecialist.nl\/fr\/wp-json\/wp\/v2\/pages\/2270","targetHints":{"allow":["GET"]}}],"collection":[{"href":"https:\/\/www.luxuryyachtsspecialist.nl\/fr\/wp-json\/wp\/v2\/pages"}],"about":[{"href":"https:\/\/www.luxuryyachtsspecialist.nl\/fr\/wp-json\/wp\/v2\/types\/page"}],"author":[{"embeddable":true,"href":"https:\/\/www.luxuryyachtsspecialist.nl\/fr\/wp-json\/wp\/v2\/users\/1"}],"replies":[{"embeddable":true,"href":"https:\/\/www.luxuryyachtsspecialist.nl\/fr\/wp-json\/wp\/v2\/comments?post=2270"}],"version-history":[{"count":1,"href":"https:\/\/www.luxuryyachtsspecialist.nl\/fr\/wp-json\/wp\/v2\/pages\/2270\/revisions"}],"predecessor-version":[{"id":13267,"href":"https:\/\/www.luxuryyachtsspecialist.nl\/fr\/wp-json\/wp\/v2\/pages\/2270\/revisions\/13267"}],"wp:attachment":[{"href":"https:\/\/www.luxuryyachtsspecialist.nl\/fr\/wp-json\/wp\/v2\/media?parent=2270"}],"curies":[{"name":"wp","href":"https:\/\/api.w.org\/{rel}","templated":true}]}}