{"id":4977,"date":"2021-06-14T17:02:23","date_gmt":"2021-06-14T16:02:23","guid":{"rendered":"https:\/\/www.luxuryyachtsspecialist.nl\/team\/"},"modified":"2022-10-04T15:15:13","modified_gmt":"2022-10-04T14:15:13","slug":"team","status":"publish","type":"page","link":"https:\/\/www.luxuryyachtsspecialist.nl\/de\/team\/","title":{"rendered":"Team"},"content":{"rendered":"<div class=\"wpb-content-wrapper\"><p>[vc_row full_width=&#8221;stretch_row&#8221; parallax=&#8221;content-moving&#8221; css=&#8221;.vc_custom_1623686433106{margin-bottom: 50px !important;padding-top: 48px !important;padding-bottom: 15px !important;background-color: #181919 !important;}&#8221;][vc_column][vc_custom_heading text=&#8221;UNSERE TEAM&#8221; font_container=&#8221;tag:h2|text_align:center|color:%2386684d&#8221; use_theme_fonts=&#8221;yes&#8221; css_animation=&#8221;fadeIn&#8221; css=&#8221;.vc_custom_1623427305926{margin-bottom: 20px !important;}&#8221;][vc_column_text css_animation=&#8221;fadeIn&#8221; css=&#8221;.vc_custom_1664891345204{margin-bottom: 100px !important;}&#8221;]<\/p>\n<p style=\"text-align: center;\"><span style=\"color: #ffffff;\">Die Abteilung Luxury Yachts Specialist Sales wird von Derek Starink geleitet. Wir werden von einem starken und enthusiastischen jungen Team von Administratoren und praktischen, praktischen Menschen unterst\u00fctzt, die alle eine echte \u201eCan do\u201c-Einstellung haben, die Sie erfrischend und unterhaltsam finden werden!<\/span><\/p>\n<p style=\"text-align: center;\"><span style=\"color: #ffffff;\">Unser (Luxury Yachts Specialist) Verkaufsteam verf\u00fcgt \u00fcber mehr als 50 Jahre Erfahrung im Verkauf von Luxus-Motorbooten und Motoryachten und kann alles organisieren und beraten, vom Beginn Ihres Kaufs bis zur Einf\u00fchrung und \u00dcbergabe.<\/span><\/p>\n<p style=\"text-align: center;\"><span style=\"color: #ffffff;\">Wir sind stolz auf unsere gesch\u00e4ftliche Arbeitsmoral und unseren Ansatz zur Kundenbetreuung.<\/span><\/p>\n<p style=\"text-align: center;\"><span style=\"color: #86684d;\"><strong>&#8211; Luxury Yachts Specialist &#8211;<\/strong><\/span><br \/>\n<span style=\"color: #86684d;\"><strong>When Quality Matters!<\/strong><\/span><\/p>\n<p>[\/vc_column_text][vc_row_inner][vc_column_inner width=&#8221;1\/2&#8243; offset=&#8221;vc_col-lg-3&#8243;][\/vc_column_inner][vc_column_inner width=&#8221;1\/2&#8243; offset=&#8221;vc_col-lg-3&#8243;][stm_our_team image_size=&#8221;full&#8221; image=&#8221;4873&#8243; name=&#8221;Derek Starink&#8221; position=&#8221;Managing Director&#8221; email=&#8221;derek@luxuryyachtsspecialist.nl&#8221;][\/vc_column_inner][vc_column_inner width=&#8221;1\/2&#8243; offset=&#8221;vc_col-lg-3&#8243;][vc_column_text css_animation=&#8221;fadeIn&#8221;]<span style=\"color: #ffffff;\">Derek Starink ist Managing Director<\/span><\/p>\n<p><span style=\"color: #ffffff;\">Er k\u00fcmmert sich um das Tagesgesch\u00e4ft des Unternehmens und ist verantwortlich f\u00fcr Vertrieb, Marketing, Einkauf und Personal. Er ist seit vielen Jahren in der Bootsbranche t\u00e4tig und liebt auch Boote! Er hat Boote im Mittelmeer benutzt und auch in den Niederlanden macht er fantastische Reisen. F\u00fcr gute und ehrliche Ratschl\u00e4ge k\u00f6nnen Sie sich direkt an uns wenden.<\/span>[\/vc_column_text][\/vc_column_inner][vc_column_inner width=&#8221;1\/2&#8243; offset=&#8221;vc_col-lg-3&#8243;][\/vc_column_inner][\/vc_row_inner][vc_column_text css_animation=&#8221;fadeIn&#8221; css=&#8221;.vc_custom_1664891459094{margin-top: 30px !important;margin-bottom: 70px !important;}&#8221;]<\/p>\n<p style=\"text-align: center;\"><span style=\"color: #ffffff;\">Wenn Sie ein Feedback zu unserem Team oder zu irgendeinem Aspekt des Unternehmens haben, w\u00fcrde Derek gerne von Ihnen h\u00f6ren <a style=\"color: #ffffff;\" href=\"mailto:info@luxuryyachtsspecialist.nl\">info@luxuryyachtsspecialist.nl<\/a>.<\/span><\/p>\n<p>[\/vc_column_text][\/vc_column][\/vc_row][vc_row full_width=&#8221;stretch_row&#8221; css=&#8221;.vc_custom_1623686496029{padding-top: 48px !important;padding-bottom: 31px !important;background-color: #86684d !important;}&#8221;][vc_column][vc_custom_heading text=&#8221;LUXURY YACHTS SPECIALIST MEDIENGALERIE&#8221; font_container=&#8221;tag:h3|text_align:center|color:%23ffffff&#8221; use_theme_fonts=&#8221;yes&#8221;][stm_carousel image_size=&#8221;270&#215;180&#8243; images=&#8221;2469,2473,2477,2481&#8243;][\/vc_column][\/vc_row]<\/p>\n<\/div>","protected":false},"excerpt":{"rendered":"<p>[vc_row full_width=&#8221;stretch_row&#8221; parallax=&#8221;content-moving&#8221; css=&#8221;.vc_custom_1623686433106{margin-bottom: 50px !important;padding-top: 48px !important;padding-bottom: 15px !important;background-color: #181919 !important;}&#8221;][vc_column][vc_custom_heading text=&#8221;UNSERE TEAM&#8221; font_container=&#8221;tag:h2|text_align:center|color:%2386684d&#8221; use_theme_fonts=&#8221;yes&#8221; css_animation=&#8221;fadeIn&#8221; css=&#8221;.vc_custom_1623427305926{margin-bottom: 20px !important;}&#8221;][vc_column_text css_animation=&#8221;fadeIn&#8221; css=&#8221;.vc_custom_1664891345204{margin-bottom: 100px !important;}&#8221;] Die Abteilung Luxury Yachts Specialist Sales wird von Derek Starink geleitet. Wir werden von einem starken und enthusiastischen jungen Team von Administratoren und praktischen, praktischen Menschen unterst\u00fctzt, die alle eine echte&#8230;<\/p>\n","protected":false},"author":1,"featured_media":0,"parent":0,"menu_order":0,"comment_status":"closed","ping_status":"closed","template":"","meta":{"footnotes":""},"class_list":["post-4977","page","type-page","status-publish","hentry"],"yoast_head":"<!-- This site is optimized with the Yoast SEO plugin v27.5 - https:\/\/yoast.com\/product\/yoast-seo-wordpress\/ -->\n<title>Team - Luxury Yachts Specialist<\/title>\n<meta name=\"robots\" content=\"index, follow, max-snippet:-1, max-image-preview:large, max-video-preview:-1\" \/>\n<link rel=\"canonical\" href=\"https:\/\/www.luxuryyachtsspecialist.nl\/de\/team\/\" \/>\n<meta property=\"og:locale\" content=\"de_DE\" \/>\n<meta property=\"og:type\" content=\"article\" \/>\n<meta property=\"og:title\" content=\"Team - Luxury Yachts Specialist\" \/>\n<meta property=\"og:description\" content=\"[vc_row full_width=&#8221;stretch_row&#8221; parallax=&#8221;content-moving&#8221; css=&#8221;.vc_custom_1623686433106{margin-bottom: 50px !important;padding-top: 48px !important;padding-bottom: 15px !important;background-color: #181919 !important;}&#8221;][vc_column][vc_custom_heading text=&#8221;UNSERE TEAM&#8221; font_container=&#8221;tag:h2|text_align:center|color:%2386684d&#8221; use_theme_fonts=&#8221;yes&#8221; css_animation=&#8221;fadeIn&#8221; css=&#8221;.vc_custom_1623427305926{margin-bottom: 20px !important;}&#8221;][vc_column_text css_animation=&#8221;fadeIn&#8221; css=&#8221;.vc_custom_1664891345204{margin-bottom: 100px !important;}&#8221;] Die Abteilung Luxury Yachts Specialist Sales wird von Derek Starink geleitet. Wir werden von einem starken und enthusiastischen jungen Team von Administratoren und praktischen, praktischen Menschen unterst\u00fctzt, die alle eine echte...\" \/>\n<meta property=\"og:url\" content=\"https:\/\/www.luxuryyachtsspecialist.nl\/de\/team\/\" \/>\n<meta property=\"og:site_name\" content=\"Luxury Yachts Specialist\" \/>\n<meta property=\"article:modified_time\" content=\"2022-10-04T14:15:13+00:00\" \/>\n<meta name=\"twitter:card\" content=\"summary_large_image\" \/>\n<meta name=\"twitter:label1\" content=\"Gesch\u00e4tzte Lesezeit\" \/>\n\t<meta name=\"twitter:data1\" content=\"2\u00a0Minuten\" \/>\n<script type=\"application\/ld+json\" class=\"yoast-schema-graph\">{\"@context\":\"https:\\\/\\\/schema.org\",\"@graph\":[{\"@type\":\"WebPage\",\"@id\":\"https:\\\/\\\/www.luxuryyachtsspecialist.nl\\\/de\\\/team\\\/\",\"url\":\"https:\\\/\\\/www.luxuryyachtsspecialist.nl\\\/de\\\/team\\\/\",\"name\":\"Team - Luxury Yachts Specialist\",\"isPartOf\":{\"@id\":\"https:\\\/\\\/www.luxuryyachtsspecialist.nl\\\/de\\\/#website\"},\"datePublished\":\"2021-06-14T16:02:23+00:00\",\"dateModified\":\"2022-10-04T14:15:13+00:00\",\"breadcrumb\":{\"@id\":\"https:\\\/\\\/www.luxuryyachtsspecialist.nl\\\/de\\\/team\\\/#breadcrumb\"},\"inLanguage\":\"de\",\"potentialAction\":[{\"@type\":\"ReadAction\",\"target\":[\"https:\\\/\\\/www.luxuryyachtsspecialist.nl\\\/de\\\/team\\\/\"]}]},{\"@type\":\"BreadcrumbList\",\"@id\":\"https:\\\/\\\/www.luxuryyachtsspecialist.nl\\\/de\\\/team\\\/#breadcrumb\",\"itemListElement\":[{\"@type\":\"ListItem\",\"position\":1,\"name\":\"Home\",\"item\":\"https:\\\/\\\/www.luxuryyachtsspecialist.nl\\\/de\\\/home\\\/\"},{\"@type\":\"ListItem\",\"position\":2,\"name\":\"Team\"}]},{\"@type\":\"WebSite\",\"@id\":\"https:\\\/\\\/www.luxuryyachtsspecialist.nl\\\/de\\\/#website\",\"url\":\"https:\\\/\\\/www.luxuryyachtsspecialist.nl\\\/de\\\/\",\"name\":\"Luxury Yachts Specialist\",\"description\":\"\",\"potentialAction\":[{\"@type\":\"SearchAction\",\"target\":{\"@type\":\"EntryPoint\",\"urlTemplate\":\"https:\\\/\\\/www.luxuryyachtsspecialist.nl\\\/de\\\/?s={search_term_string}\"},\"query-input\":{\"@type\":\"PropertyValueSpecification\",\"valueRequired\":true,\"valueName\":\"search_term_string\"}}],\"inLanguage\":\"de\"}]}<\/script>\n<!-- \/ Yoast SEO plugin. -->","yoast_head_json":{"title":"Team - Luxury Yachts Specialist","robots":{"index":"index","follow":"follow","max-snippet":"max-snippet:-1","max-image-preview":"max-image-preview:large","max-video-preview":"max-video-preview:-1"},"canonical":"https:\/\/www.luxuryyachtsspecialist.nl\/de\/team\/","og_locale":"de_DE","og_type":"article","og_title":"Team - Luxury Yachts Specialist","og_description":"[vc_row full_width=&#8221;stretch_row&#8221; parallax=&#8221;content-moving&#8221; css=&#8221;.vc_custom_1623686433106{margin-bottom: 50px !important;padding-top: 48px !important;padding-bottom: 15px !important;background-color: #181919 !important;}&#8221;][vc_column][vc_custom_heading text=&#8221;UNSERE TEAM&#8221; font_container=&#8221;tag:h2|text_align:center|color:%2386684d&#8221; use_theme_fonts=&#8221;yes&#8221; css_animation=&#8221;fadeIn&#8221; css=&#8221;.vc_custom_1623427305926{margin-bottom: 20px !important;}&#8221;][vc_column_text css_animation=&#8221;fadeIn&#8221; css=&#8221;.vc_custom_1664891345204{margin-bottom: 100px !important;}&#8221;] Die Abteilung Luxury Yachts Specialist Sales wird von Derek Starink geleitet. Wir werden von einem starken und enthusiastischen jungen Team von Administratoren und praktischen, praktischen Menschen unterst\u00fctzt, die alle eine echte...","og_url":"https:\/\/www.luxuryyachtsspecialist.nl\/de\/team\/","og_site_name":"Luxury Yachts Specialist","article_modified_time":"2022-10-04T14:15:13+00:00","twitter_card":"summary_large_image","twitter_misc":{"Gesch\u00e4tzte Lesezeit":"2\u00a0Minuten"},"schema":{"@context":"https:\/\/schema.org","@graph":[{"@type":"WebPage","@id":"https:\/\/www.luxuryyachtsspecialist.nl\/de\/team\/","url":"https:\/\/www.luxuryyachtsspecialist.nl\/de\/team\/","name":"Team - Luxury Yachts Specialist","isPartOf":{"@id":"https:\/\/www.luxuryyachtsspecialist.nl\/de\/#website"},"datePublished":"2021-06-14T16:02:23+00:00","dateModified":"2022-10-04T14:15:13+00:00","breadcrumb":{"@id":"https:\/\/www.luxuryyachtsspecialist.nl\/de\/team\/#breadcrumb"},"inLanguage":"de","potentialAction":[{"@type":"ReadAction","target":["https:\/\/www.luxuryyachtsspecialist.nl\/de\/team\/"]}]},{"@type":"BreadcrumbList","@id":"https:\/\/www.luxuryyachtsspecialist.nl\/de\/team\/#breadcrumb","itemListElement":[{"@type":"ListItem","position":1,"name":"Home","item":"https:\/\/www.luxuryyachtsspecialist.nl\/de\/home\/"},{"@type":"ListItem","position":2,"name":"Team"}]},{"@type":"WebSite","@id":"https:\/\/www.luxuryyachtsspecialist.nl\/de\/#website","url":"https:\/\/www.luxuryyachtsspecialist.nl\/de\/","name":"Luxury Yachts Specialist","description":"","potentialAction":[{"@type":"SearchAction","target":{"@type":"EntryPoint","urlTemplate":"https:\/\/www.luxuryyachtsspecialist.nl\/de\/?s={search_term_string}"},"query-input":{"@type":"PropertyValueSpecification","valueRequired":true,"valueName":"search_term_string"}}],"inLanguage":"de"}]}},"jetpack_sharing_enabled":true,"_links":{"self":[{"href":"https:\/\/www.luxuryyachtsspecialist.nl\/de\/wp-json\/wp\/v2\/pages\/4977","targetHints":{"allow":["GET"]}}],"collection":[{"href":"https:\/\/www.luxuryyachtsspecialist.nl\/de\/wp-json\/wp\/v2\/pages"}],"about":[{"href":"https:\/\/www.luxuryyachtsspecialist.nl\/de\/wp-json\/wp\/v2\/types\/page"}],"author":[{"embeddable":true,"href":"https:\/\/www.luxuryyachtsspecialist.nl\/de\/wp-json\/wp\/v2\/users\/1"}],"replies":[{"embeddable":true,"href":"https:\/\/www.luxuryyachtsspecialist.nl\/de\/wp-json\/wp\/v2\/comments?post=4977"}],"version-history":[{"count":0,"href":"https:\/\/www.luxuryyachtsspecialist.nl\/de\/wp-json\/wp\/v2\/pages\/4977\/revisions"}],"wp:attachment":[{"href":"https:\/\/www.luxuryyachtsspecialist.nl\/de\/wp-json\/wp\/v2\/media?parent=4977"}],"curies":[{"name":"wp","href":"https:\/\/api.w.org\/{rel}","templated":true}]}}