{"id":2409,"date":"2021-04-07T15:35:43","date_gmt":"2021-04-07T14:35:43","guid":{"rendered":"https:\/\/www.luxuryyachtsspecialist.nl\/home\/"},"modified":"2025-09-03T10:57:38","modified_gmt":"2025-09-03T09:57:38","slug":"home","status":"publish","type":"page","link":"https:\/\/www.luxuryyachtsspecialist.nl\/de\/","title":{"rendered":"Startseite"},"content":{"rendered":"<div class=\"wpb-content-wrapper\"><p>[vc_row full_width=&#8221;stretch_row&#8221; css=&#8221;.vc_custom_1448545243300{margin-bottom: 0px !important;}&#8221; el_class=&#8221;stm-slider-nice-height&#8221;][vc_column][rev_slider_vc alias=&#8221;home_slider&#8221;][\/vc_column][\/vc_row][vc_row full_width=&#8221;stretch_row&#8221; css=&#8221;.vc_custom_1467712651670{padding-top: 37px !important;padding-bottom: 22px !important;background-color: #eceff3 !important;}&#8221;][vc_column][stm_row_icons filter_selected=&#8221;boat-type&#8221;][\/vc_column][\/vc_row][vc_row css=&#8221;.vc_custom_1467720363707{padding-top: 71px !important;padding-bottom: 82px !important;}&#8221;][vc_column][vc_custom_heading text=&#8221;Neue Motorjachten&#8221; font_container=&#8221;tag:h2|text_align:center|color:%23000000&#8243; use_theme_fonts=&#8221;yes&#8221; css=&#8221;.vc_custom_1621199069717{margin-bottom: 20px !important;}&#8221;][stm_featured_boats css=&#8221;.vc_custom_1467720236990{margin-top: -6px !important;}&#8221;][\/vc_column][\/vc_row][vc_row full_width=&#8221;stretch_row&#8221; disable_element=&#8221;yes&#8221; css=&#8221;.vc_custom_1618441327415{padding-top: 47px !important;background-color: #000000 !important;}&#8221; float_menu_color=&#8221;ffffff&#8221;][vc_column width=&#8221;1\/2&#8243; offset=&#8221;vc_col-lg-3&#8243;][stm_icon_counter_boats icon=&#8221;stm-boats-icon-shackle&#8221; stm_counter_value=&#8221;1000&#8243; stm_counter_time=&#8221;2&#8243; stm_counter_label=&#8221;Gesamtl\u00e4nge der verkauften Boote seit 2020&#8243; box_bg_color=&#8221;#ffffff&#8221;][\/vc_column][vc_column width=&#8221;1\/2&#8243; offset=&#8221;vc_col-lg-3&#8243;][stm_icon_counter_boats icon=&#8221;stm-boats-icon-compass&#8221; stm_counter_value=&#8221;1&#8243; stm_counter_time=&#8221;2&#8243; stm_counter_label=&#8221;Standorte mit einfachem Zugang vom Tiefwasserkanal&#8221; box_bg_color=&#8221;#ffffff&#8221;][\/vc_column][vc_column width=&#8221;1\/2&#8243; offset=&#8221;vc_col-lg-3&#8243;][stm_icon_counter_boats icon=&#8221;stm-boats-icon-anchor&#8221; stm_counter_value=&#8221;800&#8243; stm_counter_time=&#8221;2&#8243; stm_counter_label=&#8221;m2 Showroom beladen mit neuen &amp; gebrauchten Motoryachten&#8221; box_bg_color=&#8221;#ffffff&#8221;][\/vc_column][vc_column width=&#8221;1\/2&#8243; offset=&#8221;vc_col-lg-3&#8243;][stm_icon_counter_boats icon=&#8221;stm-boats-icon-hat&#8221; stm_counter_value=&#8221;2&#8243; stm_counter_time=&#8221;2&#8243; stm_counter_label=&#8221;Anzahl der lizenzierten Yachting-Profis&#8221; box_bg_color=&#8221;#ffffff&#8221;][\/vc_column][\/vc_row][vc_row css=&#8221;.vc_custom_1618570612047{padding-top: 72px !important;padding-bottom: 58px !important;background-image: url(https:\/\/www.luxuryyachtsspecialist.nl\/wp-content\/uploads\/2021\/04\/cia-gould-5-WsIPUwhlI-unsplash-blur.jpg?id=2503) !important;}&#8221; el_class=&#8221;stm-fullwidth-with-parallax&#8221;][vc_column][vc_custom_heading text=&#8221;Unser Angebot&#8221; font_container=&#8221;tag:h2|text_align:center&#8221; use_theme_fonts=&#8221;yes&#8221; css=&#8221;.vc_custom_1621199347969{margin-bottom: 30px !important;}&#8221;][\/vc_column][vc_column width=&#8221;1\/3&#8243;][stm_icon_box title_holder=&#8221;h5&#8243; style_layout=&#8221;boats&#8221; icon=&#8221;stm-boats-icon-crew&#8221; title=&#8221;Treffen Sie unser Team&#8221; link=&#8221;url:https%3A%2F%2Fwww.luxuryyachtsspecialist.nl%2Fde%2Fteam%2F|title:Das%20Team|rel:nofollow&#8221; box_bg_color=&#8221;rgba(255,255,255,0.9)&#8221; line_height=&#8221;24&#8243; icon_color=&#8221;#86684c&#8221;]<span style=\"color: #888888;\">Drei Motoryacht-Profis stehen zur Verf\u00fcgung, um Ihr Erlebnis zu optimieren.<\/span>[\/stm_icon_box][stm_icon_box title_holder=&#8221;h5&#8243; style_layout=&#8221;boats&#8221; icon=&#8221;fas fa-globe&#8221; title=&#8221;In ganz Europa&#8221; link=&#8221;url:%23|title:Icon%20box%201|target:%20_blank|rel:nofollow&#8221; box_bg_color=&#8221;rgba(255,255,255,0.9)&#8221; line_height=&#8221;24&#8243; icon_color=&#8221;#86684c&#8221;]<span style=\"color: #888888;\">Auf Wunsch liefern wir<br \/>\nIhre Motoryacht, wohin Sie wollen.<\/span>[\/stm_icon_box][\/vc_column][vc_column width=&#8221;1\/3&#8243;][stm_icon_box title_holder=&#8221;h5&#8243; style_layout=&#8221;boats&#8221; icon=&#8221;stm-boats-icon-binoculars&#8221; title=&#8221;Boot-Detektiv&#8221; link=&#8221;url:%23|title:Icon%20box%201|target:%20_blank|rel:nofollow&#8221; box_bg_color=&#8221;rgba(255,255,255,0.9)&#8221; line_height=&#8221;24&#8243; icon_color=&#8221;#86684c&#8221;]<span style=\"color: #888888;\">Luxusyacht-Spezialist ist nur einen Klick entfernt. W\u00e4hlen Sie unsere jahrelange Erfahrung.<\/span>[\/stm_icon_box][stm_icon_box title_holder=&#8221;h5&#8243; style_layout=&#8221;boats&#8221; icon=&#8221;stm-boats-icon-helm&#8221; title=&#8221;Qualit\u00e4t&#8221; link=&#8221;url:%23|title:Icon%20box%201|target:%20_blank|rel:nofollow&#8221; box_bg_color=&#8221;rgba(255,255,255,0.9)&#8221; line_height=&#8221;24&#8243; icon_color=&#8221;#86684c&#8221;]<span style=\"color: #888888;\">Luxury Yachts Specialist liefert nur Motoryachten von h\u00f6chster Qualit\u00e4t.<\/span>[\/stm_icon_box][\/vc_column][vc_column width=&#8221;1\/3&#8243;][stm_icon_box title_holder=&#8221;h5&#8243; style_layout=&#8221;boats&#8221; icon=&#8221;stm-boats-icon-anchor&#8221; title=&#8221;Wir suchen und finden&#8221; link=&#8221;url:%23|title:Icon%20box%201|target:%20_blank|rel:nofollow&#8221; box_bg_color=&#8221;rgba(255,255,255,0.9)&#8221; line_height=&#8221;24&#8243; icon_color=&#8221;#86684c&#8221;]<span style=\"color: #888888;\">Lassen Sie uns Ihr neues Boot finden. Das Team von Luxury Yachts Specialist wartet auf Sie.<\/span>[\/stm_icon_box][stm_icon_box title_holder=&#8221;h5&#8243; style_layout=&#8221;boats&#8221; icon=&#8221;stm-boats-icon-engine-repairs&#8221; title=&#8221;Carefree maintenance&#8221; link=&#8221;url:%23|title:Icon%20box%201|target:%20_blank|rel:nofollow&#8221; box_bg_color=&#8221;rgba(255,255,255,0.9)&#8221; line_height=&#8221;24&#8243; icon_color=&#8221;#86684c&#8221;]<span style=\"color: #888888;\">Die Wartung Ihres Bootes ist bei Luxury Yachts Specialist in guten H\u00e4nden.<\/span>[\/stm_icon_box][\/vc_column][\/vc_row][vc_row css=&#8221;.vc_custom_1467713319173{padding-top: 80px !important;padding-bottom: 80px !important;}&#8221;][vc_column width=&#8221;1\/2&#8243;][vc_single_image image=&#8221;2634&#8243; img_size=&#8221;large&#8221;][\/vc_column][vc_column width=&#8221;1\/2&#8243;][vc_custom_heading text=&#8221;Unser Service; Verkauf von Motoryachten &amp; Wartung&#8221; font_container=&#8221;tag:h3|font_size:30|text_align:left|color:%23000000&#8243; use_theme_fonts=&#8221;yes&#8221; css=&#8221;.vc_custom_1616606853863{margin-top: -6px !important;margin-bottom: 3px !important;}&#8221;][stm_color_separator align=&#8221;text-left&#8221; css=&#8221;.vc_custom_1467717369643{margin-bottom: 10px !important;}&#8221;][vc_custom_heading text=&#8221;Luxury Yachts Specialist ist Ihr Motorjachth\u00e4ndler Nummer eins f\u00fcr Sunseeker, Fairline, Princess und Azimut.&#8221; font_container=&#8221;tag:h5|font_size:16|text_align:left|line_height:26px&#8221; use_theme_fonts=&#8221;yes&#8221; css=&#8221;.vc_custom_1616054858495{margin-top: -12px !important;margin-bottom: 17px !important;}&#8221;][vc_column_text css_animation=&#8221;fadeIn&#8221; css=&#8221;.vc_custom_1622097628084{margin-bottom: 25px !important;}&#8221;]<span style=\"color: #808080; line-height: 26px;\">Wahres Potenzial Ihrer Yacht zu erkennen. F\u00fcr eine kostenlose, unverbindliche und aktuelle Yachtbewertung f\u00fcllen Sie bitte das Formular aus auf unsere website und senden Sie uns so viele Informationen \u00fcber Ihre Yacht wie m\u00f6glich, damit wir Ihnen eine realistische Bewertung erstellen k\u00f6nnen.<\/span><\/p>\n<p><span style=\"color: #808080; line-height: 26px;\">Unsere Sch\u00e4tzung basiert auf unseren Fachkenntnissen des Marktes, den j\u00fcngsten Verkaufspreisen \u00e4hnlicher Boote sowie den aktuellen Angebotspreisen auf dem Markt.<\/span><\/p>\n<p><span style=\"color: #808080; line-height: 26px;\">Ein Mitglied unseres Teams wird sich in K\u00fcrze mit Ihrer Bewertung bei Ihnen melden und steht Ihnen zur Verf\u00fcgung, wenn Sie Ihre Verkaufsm\u00f6glichkeiten weiter besprechen m\u00f6chten.<\/span><\/p>\n<p><span style=\"color: #808080; line-height: 26px;\">Alternativ k\u00f6nnen Sie uns auch direkt unter<br \/>\ninfo@ luxuryyachtsspecialist.nl kontaktieren oder uns unter +31(0)85-0606071 anrufen.<\/span><\/p>\n<p><span style=\"color: #808080; line-height: 26px;\">Bevor Sie bei uns inserieren, werfen Sie doch einen Blick auf unsere aktuellen Yachten zum Verkauf.<\/span>[\/vc_column_text][stm_icon_button link=&#8221;url:https%3A%2F%2Fwww.luxuryyachtsspecialist.nl%2Fnl%2Fcontact%2F|title:Kostenlose%20Bewertung%20anfordern&#8221; box_bg_color=&#8221;#dd3333&#8243;][\/vc_column][\/vc_row][vc_row el_class=&#8221;stm-fullwidth-with-parallax&#8221; css=&#8221;.vc_custom_1618441821532{padding-top: 72px !important;padding-bottom: 45px !important;background-image: url(https:\/\/www.luxuryyachtsspecialist.nl\/wp-content\/uploads\/2021\/04\/cia-gould-5-WsIPUwhlI-unsplash-blur.jpg?id=2503) !important;}&#8221;][vc_column][vc_custom_heading text=&#8221;Unsere zufriedenen Kunden&#8221; font_container=&#8221;tag:h2|text_align:center|color:%230a0a0a&#8221; use_theme_fonts=&#8221;yes&#8221; css=&#8221;.vc_custom_1621199107650{margin-bottom: 30px !important;}&#8221;][stm_testimonials_boats][stm_testimonial_boats image=&#8221;5097&#8243; author=&#8221;Stephanie Djolina&#8221;]Schauen Sie bei Luxury Yachts in Aalsmeer hier haben wir vor 2 Wochen unsere Fairline Targa 43 gekauft. Der Besitzer Derek ist ein Mann des Wortes und kann auch Ihnen bei Ihrer Suche helfen! Empfehlung![\/stm_testimonial_boats][stm_testimonial_boats image=&#8221;2089,2089,2089,2089&#8243; author=&#8221;Daniel &amp; Samantha Lestreid&#8221;]Vom ersten bis zum letzten Kontakt war das Team von Luxury Yacht Specialist immer hilfsbereit. Sie reagierten immer prompt auf die vielen Fragen, die wir hatten. Sie waren in der Lage, uns in unserem Entscheidungsprozess zu begleiten und zu unterst\u00fctzen, ohne zu versuchen, uns &#8220;ein Boot zu verkaufen&#8221;. Sie haben sich unsere Bedenken und Sorgen angeh\u00f6rt und waren immer mit einem guten Rat zur Stelle.[\/stm_testimonial_boats][stm_testimonial_boats image=&#8221;2089,2089,2089,2089&#8243; author=&#8221;Daniel &amp; Samantha Lestreid&#8221;]Vom ersten bis zum letzten Kontakt war das Team von Luxury Yacht Specialist immer hilfsbereit. Sie reagierten immer prompt auf die vielen Fragen, die wir hatten. Sie waren in der Lage, uns in unserem Entscheidungsprozess zu begleiten und zu unterst\u00fctzen, ohne zu versuchen, uns &#8220;ein Boot zu verkaufen&#8221;. Sie haben sich unsere Bedenken und Sorgen angeh\u00f6rt und waren immer mit einem guten Rat zur Stelle.[\/stm_testimonial_boats][stm_testimonial_boats image=&#8221;2089,2089,2089,2089&#8243; author=&#8221;Daniel &amp; Samantha Lestreid&#8221;]Vom ersten bis zum letzten Kontakt war das Team von Luxury Yacht Specialist immer hilfsbereit. Sie reagierten immer prompt auf die vielen Fragen, die wir hatten. Sie waren in der Lage, uns in unserem Entscheidungsprozess zu begleiten und zu unterst\u00fctzen, ohne zu versuchen, uns &#8220;ein Boot zu verkaufen&#8221;. Sie haben sich unsere Bedenken und Sorgen angeh\u00f6rt und waren immer mit einem guten Rat zur Stelle.<\/p>\n<p>\u00dcbersetzt mit www.DeepL.com\/Translator (kostenlose Version)[\/stm_testimonial_boats][stm_testimonial_boats image=&#8221;2089,2089,2089,2089&#8243; author=&#8221;Daniel &amp; Samantha Lestreid&#8221;]Vom ersten bis zum letzten Kontakt war das Team von Luxury Yacht Specialist immer hilfsbereit. Sie reagierten immer prompt auf die vielen Fragen, die wir hatten. Sie waren in der Lage, uns in unserem Entscheidungsprozess zu begleiten und zu unterst\u00fctzen, ohne zu versuchen, uns &#8220;ein Boot zu verkaufen&#8221;. Sie haben sich unsere Bedenken und Sorgen angeh\u00f6rt und waren immer mit einem guten Rat zur Stelle.<\/p>\n<p>\u00dcbersetzt mit www.DeepL.com\/Translator (kostenlose Version)[\/stm_testimonial_boats][\/stm_testimonials_boats][\/vc_column][\/vc_row][vc_row disable_element=&#8221;yes&#8221; css=&#8221;.vc_custom_1618441932098{padding-top: 70px !important;padding-bottom: 42px !important;}&#8221;][vc_column][vc_custom_heading text=&#8221;Neueste Nachrichten&#8221; font_container=&#8221;tag:h2|text_align:center|color:%23000000&#8243; use_theme_fonts=&#8221;yes&#8221; css=&#8221;.vc_custom_1616057054648{margin-bottom: 2px !important;}&#8221;][stm_color_separator][stm_latest_news number_of_posts=&#8221;2&#8243;][\/vc_column][\/vc_row]<\/p>\n<\/div>","protected":false},"excerpt":{"rendered":"<p>[vc_row full_width=&#8221;stretch_row&#8221; css=&#8221;.vc_custom_1448545243300{margin-bottom: 0px !important;}&#8221; el_class=&#8221;stm-slider-nice-height&#8221;][vc_column][rev_slider_vc alias=&#8221;home_slider&#8221;][\/vc_column][\/vc_row][vc_row full_width=&#8221;stretch_row&#8221; css=&#8221;.vc_custom_1467712651670{padding-top: 37px !important;padding-bottom: 22px !important;background-color: #eceff3 !important;}&#8221;][vc_column][stm_row_icons filter_selected=&#8221;boat-type&#8221;][\/vc_column][\/vc_row][vc_row css=&#8221;.vc_custom_1467720363707{padding-top: 71px !important;padding-bottom: 82px !important;}&#8221;][vc_column][vc_custom_heading text=&#8221;Neue Motorjachten&#8221; font_container=&#8221;tag:h2|text_align:center|color:%23000000&#8243; use_theme_fonts=&#8221;yes&#8221; css=&#8221;.vc_custom_1621199069717{margin-bottom: 20px !important;}&#8221;][stm_featured_boats css=&#8221;.vc_custom_1467720236990{margin-top: -6px !important;}&#8221;][\/vc_column][\/vc_row][vc_row full_width=&#8221;stretch_row&#8221; disable_element=&#8221;yes&#8221; css=&#8221;.vc_custom_1618441327415{padding-top: 47px !important;background-color: #000000 !important;}&#8221; float_menu_color=&#8221;ffffff&#8221;][vc_column width=&#8221;1\/2&#8243; offset=&#8221;vc_col-lg-3&#8243;][stm_icon_counter_boats icon=&#8221;stm-boats-icon-shackle&#8221; stm_counter_value=&#8221;1000&#8243; stm_counter_time=&#8221;2&#8243; stm_counter_label=&#8221;Gesamtl\u00e4nge der verkauften Boote seit 2020&#8243; box_bg_color=&#8221;#ffffff&#8221;][\/vc_column][vc_column width=&#8221;1\/2&#8243; offset=&#8221;vc_col-lg-3&#8243;][stm_icon_counter_boats icon=&#8221;stm-boats-icon-compass&#8221; stm_counter_value=&#8221;1&#8243;&#8230;<\/p>\n","protected":false},"author":1,"featured_media":0,"parent":0,"menu_order":0,"comment_status":"closed","ping_status":"closed","template":"","meta":{"footnotes":""},"class_list":["post-2409","page","type-page","status-publish","hentry"],"yoast_head":"<!-- This site is optimized with the Yoast SEO plugin v27.5 - https:\/\/yoast.com\/product\/yoast-seo-wordpress\/ -->\n<title>Startseite - Luxury Yachts Specialist<\/title>\n<meta name=\"description\" content=\"Luxury Yachts Specialist ist Ihr niederl\u00e4ndischer Makler f\u00fcr Motoryachten. Mit mehr als 25 Jahren Erfahrung im Kauf und Verkauf von Motoryachten in Europa.\" \/>\n<meta name=\"robots\" content=\"index, follow, max-snippet:-1, max-image-preview:large, max-video-preview:-1\" \/>\n<link rel=\"canonical\" href=\"https:\/\/www.luxuryyachtsspecialist.nl\/de\/\" \/>\n<meta property=\"og:locale\" content=\"de_DE\" \/>\n<meta property=\"og:type\" content=\"article\" \/>\n<meta property=\"og:title\" content=\"Startseite - Luxury Yachts Specialist\" \/>\n<meta property=\"og:description\" content=\"Luxury Yachts Specialist ist Ihr niederl\u00e4ndischer Makler f\u00fcr Motoryachten. Mit mehr als 25 Jahren Erfahrung im Kauf und Verkauf von Motoryachten in Europa.\" \/>\n<meta property=\"og:url\" content=\"https:\/\/www.luxuryyachtsspecialist.nl\/de\/\" \/>\n<meta property=\"og:site_name\" content=\"Luxury Yachts Specialist\" \/>\n<meta property=\"article:modified_time\" content=\"2025-09-03T09:57:38+00:00\" \/>\n<meta name=\"twitter:card\" content=\"summary_large_image\" \/>\n<meta name=\"twitter:label1\" content=\"Gesch\u00e4tzte Lesezeit\" \/>\n\t<meta name=\"twitter:data1\" content=\"7\u00a0Minuten\" \/>\n<script type=\"application\/ld+json\" class=\"yoast-schema-graph\">{\"@context\":\"https:\\\/\\\/schema.org\",\"@graph\":[{\"@type\":\"WebPage\",\"@id\":\"https:\\\/\\\/www.luxuryyachtsspecialist.nl\\\/de\\\/\",\"url\":\"https:\\\/\\\/www.luxuryyachtsspecialist.nl\\\/de\\\/\",\"name\":\"Startseite - Luxury Yachts Specialist\",\"isPartOf\":{\"@id\":\"https:\\\/\\\/www.luxuryyachtsspecialist.nl\\\/de\\\/#website\"},\"datePublished\":\"2021-04-07T14:35:43+00:00\",\"dateModified\":\"2025-09-03T09:57:38+00:00\",\"description\":\"Luxury Yachts Specialist ist Ihr niederl\u00e4ndischer Makler f\u00fcr Motoryachten. Mit mehr als 25 Jahren Erfahrung im Kauf und Verkauf von Motoryachten in Europa.\",\"breadcrumb\":{\"@id\":\"https:\\\/\\\/www.luxuryyachtsspecialist.nl\\\/de\\\/#breadcrumb\"},\"inLanguage\":\"de\",\"potentialAction\":[{\"@type\":\"ReadAction\",\"target\":[\"https:\\\/\\\/www.luxuryyachtsspecialist.nl\\\/de\\\/\"]}]},{\"@type\":\"BreadcrumbList\",\"@id\":\"https:\\\/\\\/www.luxuryyachtsspecialist.nl\\\/de\\\/#breadcrumb\",\"itemListElement\":[{\"@type\":\"ListItem\",\"position\":1,\"name\":\"Home\",\"item\":\"https:\\\/\\\/www.luxuryyachtsspecialist.nl\\\/de\\\/home\\\/\"},{\"@type\":\"ListItem\",\"position\":2,\"name\":\"Startseite\"}]},{\"@type\":\"WebSite\",\"@id\":\"https:\\\/\\\/www.luxuryyachtsspecialist.nl\\\/de\\\/#website\",\"url\":\"https:\\\/\\\/www.luxuryyachtsspecialist.nl\\\/de\\\/\",\"name\":\"Luxury Yachts Specialist\",\"description\":\"\",\"potentialAction\":[{\"@type\":\"SearchAction\",\"target\":{\"@type\":\"EntryPoint\",\"urlTemplate\":\"https:\\\/\\\/www.luxuryyachtsspecialist.nl\\\/de\\\/?s={search_term_string}\"},\"query-input\":{\"@type\":\"PropertyValueSpecification\",\"valueRequired\":true,\"valueName\":\"search_term_string\"}}],\"inLanguage\":\"de\"}]}<\/script>\n<!-- \/ Yoast SEO plugin. -->","yoast_head_json":{"title":"Startseite - Luxury Yachts Specialist","description":"Luxury Yachts Specialist ist Ihr niederl\u00e4ndischer Makler f\u00fcr Motoryachten. Mit mehr als 25 Jahren Erfahrung im Kauf und Verkauf von Motoryachten in Europa.","robots":{"index":"index","follow":"follow","max-snippet":"max-snippet:-1","max-image-preview":"max-image-preview:large","max-video-preview":"max-video-preview:-1"},"canonical":"https:\/\/www.luxuryyachtsspecialist.nl\/de\/","og_locale":"de_DE","og_type":"article","og_title":"Startseite - Luxury Yachts Specialist","og_description":"Luxury Yachts Specialist ist Ihr niederl\u00e4ndischer Makler f\u00fcr Motoryachten. Mit mehr als 25 Jahren Erfahrung im Kauf und Verkauf von Motoryachten in Europa.","og_url":"https:\/\/www.luxuryyachtsspecialist.nl\/de\/","og_site_name":"Luxury Yachts Specialist","article_modified_time":"2025-09-03T09:57:38+00:00","twitter_card":"summary_large_image","twitter_misc":{"Gesch\u00e4tzte Lesezeit":"7\u00a0Minuten"},"schema":{"@context":"https:\/\/schema.org","@graph":[{"@type":"WebPage","@id":"https:\/\/www.luxuryyachtsspecialist.nl\/de\/","url":"https:\/\/www.luxuryyachtsspecialist.nl\/de\/","name":"Startseite - Luxury Yachts Specialist","isPartOf":{"@id":"https:\/\/www.luxuryyachtsspecialist.nl\/de\/#website"},"datePublished":"2021-04-07T14:35:43+00:00","dateModified":"2025-09-03T09:57:38+00:00","description":"Luxury Yachts Specialist ist Ihr niederl\u00e4ndischer Makler f\u00fcr Motoryachten. Mit mehr als 25 Jahren Erfahrung im Kauf und Verkauf von Motoryachten in Europa.","breadcrumb":{"@id":"https:\/\/www.luxuryyachtsspecialist.nl\/de\/#breadcrumb"},"inLanguage":"de","potentialAction":[{"@type":"ReadAction","target":["https:\/\/www.luxuryyachtsspecialist.nl\/de\/"]}]},{"@type":"BreadcrumbList","@id":"https:\/\/www.luxuryyachtsspecialist.nl\/de\/#breadcrumb","itemListElement":[{"@type":"ListItem","position":1,"name":"Home","item":"https:\/\/www.luxuryyachtsspecialist.nl\/de\/home\/"},{"@type":"ListItem","position":2,"name":"Startseite"}]},{"@type":"WebSite","@id":"https:\/\/www.luxuryyachtsspecialist.nl\/de\/#website","url":"https:\/\/www.luxuryyachtsspecialist.nl\/de\/","name":"Luxury Yachts Specialist","description":"","potentialAction":[{"@type":"SearchAction","target":{"@type":"EntryPoint","urlTemplate":"https:\/\/www.luxuryyachtsspecialist.nl\/de\/?s={search_term_string}"},"query-input":{"@type":"PropertyValueSpecification","valueRequired":true,"valueName":"search_term_string"}}],"inLanguage":"de"}]}},"jetpack_sharing_enabled":true,"_links":{"self":[{"href":"https:\/\/www.luxuryyachtsspecialist.nl\/de\/wp-json\/wp\/v2\/pages\/2409","targetHints":{"allow":["GET"]}}],"collection":[{"href":"https:\/\/www.luxuryyachtsspecialist.nl\/de\/wp-json\/wp\/v2\/pages"}],"about":[{"href":"https:\/\/www.luxuryyachtsspecialist.nl\/de\/wp-json\/wp\/v2\/types\/page"}],"author":[{"embeddable":true,"href":"https:\/\/www.luxuryyachtsspecialist.nl\/de\/wp-json\/wp\/v2\/users\/1"}],"replies":[{"embeddable":true,"href":"https:\/\/www.luxuryyachtsspecialist.nl\/de\/wp-json\/wp\/v2\/comments?post=2409"}],"version-history":[{"count":1,"href":"https:\/\/www.luxuryyachtsspecialist.nl\/de\/wp-json\/wp\/v2\/pages\/2409\/revisions"}],"predecessor-version":[{"id":13269,"href":"https:\/\/www.luxuryyachtsspecialist.nl\/de\/wp-json\/wp\/v2\/pages\/2409\/revisions\/13269"}],"wp:attachment":[{"href":"https:\/\/www.luxuryyachtsspecialist.nl\/de\/wp-json\/wp\/v2\/media?parent=2409"}],"curies":[{"name":"wp","href":"https:\/\/api.w.org\/{rel}","templated":true}]}}